{"id":6306,"date":"2023-04-18T10:30:55","date_gmt":"2023-04-18T10:30:55","guid":{"rendered":"https:\/\/www.translationembassy.com\/?page_id=6306"},"modified":"2023-04-18T10:57:27","modified_gmt":"2023-04-18T10:57:27","slug":"datenschutzrichtlinie","status":"publish","type":"page","link":"https:\/\/www.translationembassy.com\/de\/datenschutzrichtlinie\/","title":{"rendered":"Datenschutzrichtlinie"},"content":{"rendered":"\t\t<div data-elementor-type=\"wp-post\" data-elementor-id=\"6306\" class=\"elementor elementor-6306 elementor-3\" data-elementor-post-type=\"page\">\n\t\t\t\t\t\t<section class=\"elementor-section elementor-top-section elementor-element elementor-element-5fdf0866 elementor-section-boxed elementor-section-height-default elementor-section-height-default\" data-id=\"5fdf0866\" data-element_type=\"section\" data-e-type=\"section\">\n\t\t\t\t\t\t<div class=\"elementor-container elementor-column-gap-default\">\n\t\t\t\t\t<div class=\"elementor-column elementor-col-100 elementor-top-column elementor-element elementor-element-6d2e857d\" data-id=\"6d2e857d\" data-element_type=\"column\" data-e-type=\"column\">\n\t\t\t<div class=\"elementor-widget-wrap elementor-element-populated\">\n\t\t\t\t\t\t<div class=\"elementor-element elementor-element-60a5151 elementor-widget elementor-widget-heading\" data-id=\"60a5151\" data-element_type=\"widget\" data-e-type=\"widget\" data-widget_type=\"heading.default\">\n\t\t\t\t<div class=\"elementor-widget-container\">\n\t\t\t\t\t<h2 class=\"elementor-heading-title elementor-size-default\">DATENSCHUTZRICHTLINIEN &amp; ANPASSUNG AM DSGVO<\/h2>\t\t\t\t<\/div>\n\t\t\t\t<\/div>\n\t\t\t\t<div class=\"elementor-element elementor-element-1d245325 elementor-widget elementor-widget-text-editor\" data-id=\"1d245325\" data-element_type=\"widget\" data-e-type=\"widget\" data-widget_type=\"text-editor.default\">\n\t\t\t\t<div class=\"elementor-widget-container\">\n\t\t\t\t\t\t\t\t\t<p><strong>RICHTLINIEN ZUM SCHUTZ PERSONENBEZOGENER DATEN<\/strong><\/p><p>Diese Richtlinie beschreibt den Rahmen, in dem ich die personenbezogenen Daten von Kunden und Partnern erhebe, bewahre und verwende.<\/p><p><strong>VERANTWORTLICH F\u00dcR DIE VERARBEITUNG VON PERSONENBEZOGENEN DATEN, <\/strong>die zum Zwecke der Kommunikation, Erstellung der Kostensch\u00e4tzungen, Einhaltung von Steuervorschriften u.a. erhoben werden, bin ich selbst.<\/p><p>Zus\u00e4tzlich bin ich auch verantwortlich f\u00fcr die <strong>AUSF\u00dcHRUNG DER VERARBEITUNG VON PERSONENBEZOGENER DATEN<\/strong>, die in zu \u00fcbersetzende Texte einbehalten sind.<\/p><p><strong>KONTAKTINFORMATIONEN DES F\u00dcR DIE VERARBEITUNG PERSONENBEZOGENER DATEN VERANTWORTLICHEN:<\/strong>\u00a0info@translationembassy.com<\/p><p><strong>WELCHE PERSONENBEZOGENEN DATEN WERDEN ERHOBEN<\/strong><\/p><p>F\u00fcr die Gew\u00e4hrung der erforderlichen Dienstleistungen k\u00f6nnen folgende personenbezogene Daten erhoben werden:<\/p><p><strong>KONTAKTINFORMATIONEN DER KUNDEN<\/strong><\/p><p>Um die Aufgaben, die Sie mir \u00fcbertragen, durchf\u00fchren zu k\u00f6nnen, werde ich Ihre genauen Kontaktinformationen brauchen. Diese beinhalten Ihren Namen, Telefon, E-Mail-Adresse, Postanschrift u.a. Diese Daten bekomme ich von den Kunden, wenn sie mich kontaktieren, um mich mit einer Aufgabe zu beauftragen. Sie werden ausschlie\u00dflich zum Zweck der richtigen Verst\u00e4ndigung zur Durchf\u00fchrung Ihrer Aufgaben, zur Information \u00fcber den Verlauf oder Abschluss einer Aufgabe sowie zum Versand der \u00dcbersetzungen per E-Mail oder Kurier\/Post (in elektronischer bzw. gedruckter Form) benutzt. Diese Daten werden nur in elektronischer Form gespeichert, genauer gesagt in einer lokalen Computeraufzeichnung, auf einem Mobiltelefon oder im Adressbuch meiner E-Mail. Nur ich habe Zugriff auf diese Daten. Ihre Kontaktinformationen werden nie an Dritte weitergegeben.<\/p><p><strong>STEUERDATEN VON KUNDEN UND MITARBEITERN<\/strong><\/p><p>Ihre Steuerdaten sind erforderlich, um Rechnungen f\u00fcr die Aufgaben auszustellen und Zahlungen an Mitarbeiter einzutragen. Diese beinhalten den vollst\u00e4ndigen Namen oder Firmennamen, Beruf oder Besch\u00e4ftigung, Steueridentifikationsnummer, Finanzamt, Adresse des Sitzes oder Wohnortes u.a. Wir bekommen diese Informationen von den jeweiligen Kunden bei der Zuweisung einer Aufgabe oder vom jeweiligen Mitarbeiter am Beginn unserer Zusammenarbeit. Sie werden f\u00fcr die Ausstellung der gesetzlich vorgeschriebenen Dokumente (Rechnungen, Quittungen), die Zusendung von Kostensch\u00e4tzungen und die Abgabe der gesetzlich erforderlichen Steuererkl\u00e4rungen verwendet. Ihre Steuerdaten werden an einen Buchhalter weitergegeben, mit dem ich zusammenarbeite, damit dieser alle gesetzlich vorgeschriebenen Verfahren beim Finanzamt erledigen kann.<\/p><p><strong>PERSONENBEZOGENE DATEN, DIE IN DEN ZU \u00dcBERSETZENDEN TEXTEN ENTHALTEN SIND<\/strong><\/p><p>Oft enthalten die Texte, die Sie zur \u00dcbersetzung mitbringen, Ihre pers\u00f6nlichen Daten oder die von Dritten. Solche Dokumente sind beispielsweise Urkunden. Einige Texte k\u00f6nnen au\u00dferdem sensible Informationen enthalten, z. B. medizinische Tests und Prozessdokumente. Um Ihre gew\u00fcnschte Dienstleistung (\u00dcbersetzung) gew\u00e4hren zu k\u00f6nnen, bin ich verpflichtet, die in den zu \u00fcbersetzenden Dokumenten enthaltenen personenbezogenen und sensiblen Daten zu speichern und zu verarbeiten. Die Speicherung und Bearbeitung werden lokal auf meinem PC durchgef\u00fchrt, auf den nur ich Zugriff habe. In einigen F\u00e4llen ist es jedoch m\u00f6glich, Dokumente mit personenbezogenen Daten mit meinen Mitarbeitern zu teilen, damit diese die \u00dcbersetzung durchf\u00fchren k\u00f6nnen. Dies gilt vor allem f\u00fcr Sprachkombinationen, mit denen ich pers\u00f6nlich nicht arbeite und deshalb das Fachwissen eines Mitarbeiters in Anspruch nehmen muss, um die von Ihnen \u00fcbertragene Arbeit zu gew\u00e4hrleisten. Alle meine Mitarbeiter verpflichten sich mir gegen\u00fcber, eine Nutzung und Verarbeitung personenbezogener Daten nur dann durchzuf\u00fchren, wenn diese zur Erf\u00fcllung der ihnen \u00fcbertragenen Aufgaben erforderlich ist, und keine personenbezogenen Daten an Dritte weiterzugegeben.<\/p><p><strong>PERSONENBEZOGENE DATEN POTENZIELLER MITARBEITER<\/strong><\/p><p>Diese Kategorie personenbezogener Daten betrifft die Informationen, die in den Lebensl\u00e4ufen von potenziellen Mitarbeitern enthalten sind. Die Lebensl\u00e4ufe erhalte ich per E-Mail von den Interessenten selbst. Erhaltene Lebensl\u00e4ufe werden in meiner E-Mail und\/oder lokal in einem speziellen Ordner auf meinem PC gespeichert. Nur ich habe Zugriff darauf. Sie werden ohne Ihre Zustimmung nicht an Dritte weitergegeben.<\/p><p><strong>PERSONENBEZOGENE DATEN VON MINDERJ\u00c4HRIGEN<\/strong><\/p><p>Personenbezogene Daten von Minderj\u00e4hrigen unter 15 Jahren werden nur mit Genehmigung oder Zustimmung ihrer Eltern erhoben und verarbeitet.<\/p><p><strong>PERSONENBEZOGENE DATEN UND COOKIES, DIE W\u00c4HREND DER NAVIGATION AUF DIESER WEBSITE ERHOBEN WERDEN*<\/strong><\/p><p>W\u00e4hrend Ihrer Navigation durch die Website k\u00f6nnen Informationen gesammelt werden, um die Besucherzahlen zu verfolgen. Diese Informationen werden auf eine Weise gesammelt, die es nicht erm\u00f6glicht, Sie als nat\u00fcrliche Person, die die Website besucht, zu identifizieren (Anonymisierung).<\/p><p>Kleine Cookie-Dateien k\u00f6nnen auf Ihrem Computer oder Ger\u00e4t gespeichert werden, wenn Sie durch die Website navigieren. Cookies sind kleine Dateien mit Informationen, die eine Website (insbesondere der Webserver) auf dem Computer eines Benutzers speichert. Somit ruft letztere bei jeder Verbindung des Benutzers mit der Website die betreffenden Informationen ab und bietet dem Benutzer relevante Dienste an. Die Speicherung dieser Cookie-Dateien erfolgt nur nach Ihrer ausdr\u00fccklichen Zustimmung, au\u00dfer in F\u00e4llen, in denen dies nicht erforderlich ist. Solche F\u00e4lle sind Cookies, die als technisch notwendig erachtet werden, um eine Verbindung zur Website herzustellen oder den Internetdienst bereitzustellen.<\/p><p>Wenn Sie mich \u00fcber ein Kontaktformular kontaktieren, werden keine der von Ihnen angegebenen Daten auf dieser Website gespeichert oder an Dritte \u00fcbertragen oder verarbeitet.<\/p><p><strong>PERSONENBEZOGENE DATEN F\u00dcR MARKETINGZWECKE<\/strong><\/p><p>Die Erhebung dieser Daten erfolgt \u00fcber das Formular f\u00fcr das Newsletter-Abonnement auf meiner Website oder \u00fcber ein anderes Formular, das per E-Mail in Form eines Links versendet werden kann. Sie enthalten normalerweise eine E-Mail-Adresse und einen Namen. Benutzer geben ihre eigenen Daten in das Formular ein, wenn sie m\u00f6chten. Diese Angaben werden zum Versenden von Newslettern und anderen Werbeinformationen verwendet. Sie werden lokal auf einem PC und\/oder in elektronischen E-Mail-Kontaktlisten oder Massenversandplattformen (z. B. Mailchimp) gespeichert. Sie werden von mir und autorisierten Mitarbeitern verwaltet, die damit beauftragt sind, den Marketingstrategieplan meines B\u00fcros zu entwickeln.<\/p><p><strong>DATENSCHUTZ<\/strong><\/p><p>Personenbezogene Daten werden gem\u00e4\u00df den Bestimmungen der Europ\u00e4ischen Allgemeinen Verordnung zum Schutz personenbezogener Daten EU 2016\/679 (DSGVO) und dem Gesetz 4624\/2019 verarbeitet, das Ma\u00dfnahmen zur Umsetzung der Verordnung in Griechenland festlegt.<\/p><p>Der Zugriff auf personenbezogene Daten erfolgt nur durch mich selbst und in einigen F\u00e4llen durch meine autorisierten Mitarbeiter, die angemessene Garantien f\u00fcr die Vertraulichkeit in Bezug auf die Sicherheit und den Schutz der Daten bieten.<\/p><p>Die f\u00fcr die Gew\u00e4hrleistung der angeforderten Dienstleistungen erforderlichen personenbezogenen Daten werden nicht verkauft, vermietet, an Dritte weitergegeben oder in irgendeiner Weise ver\u00f6ffentlicht.<\/p><p><strong>DAUER DER SPEICHERUNG DER DATEN (L\u00d6SCHFRIST)<\/strong><\/p><p>Die Daten werden nur so lange aufbewahrt, wie es f\u00fcr die Gew\u00e4hrung der angeforderten Dienstleistungen oder f\u00fcr meine Anpassung an die gesetzlichen Verpflichtungen erforderlich ist.<\/p><p><strong>RECHTE DER BETROFFENEN PERSONEN<\/strong><\/p><p>Als betroffene Person haben Sie folgende Rechte:<br \/><br \/>\u2013\u00a0 \u00a0 \u00a0 \u00a0 \u00a0Recht auf Information<br \/>\u2013\u00a0\u00a0\u00a0\u00a0\u00a0\u00a0\u00a0\u00a0\u00a0 Zugangsrecht<br \/>\u2013\u00a0\u00a0\u00a0\u00a0\u00a0\u00a0\u00a0\u00a0\u00a0 Recht auf Berichtigung<br \/>\u2013\u00a0\u00a0\u00a0\u00a0\u00a0\u00a0\u00a0\u00a0\u00a0 Recht auf L\u00f6schung (und \u201eRecht auf Vergessenwerden\u201c)<br \/>\u2013\u00a0\u00a0\u00a0\u00a0\u00a0\u00a0\u00a0\u00a0\u00a0 Recht auf Einschr\u00e4nkung der Verarbeitung<br \/>\u2013\u00a0\u00a0\u00a0\u00a0\u00a0\u00a0\u00a0\u00a0\u00a0 Recht auf Daten\u00fcbertragbarkeit<br \/>\u2013\u00a0\u00a0\u00a0\u00a0\u00a0\u00a0\u00a0\u00a0\u00a0 Widerspruchsrecht<br \/>\u2013\u00a0\u00a0\u00a0\u00a0\u00a0\u00a0\u00a0\u00a0\u00a0 Recht auf nicht automatisierte individuelle Entscheidungsfindung (Profiling)<\/p><p>Zur Aus\u00fcbung Ihrer Rechte oder f\u00fcr weitere Erl\u00e4uterungen zur Verwendung Ihrer personenbezogenen Daten k\u00f6nnen Sie mich kontaktieren und die entsprechende Anfrage an info@translationembassy.com senden.<\/p><p>Wenn Sie glauben, dass die Verarbeitung Ihrer personenbezogenen Daten Ihre Rechte, wie sie in der Allgemeinen DSGVO-Verordnung und dem Ausf\u00fchrungsgesetz 4624\/2019 verankert sind, beeintr\u00e4chtigt, haben Sie das Recht, eine Beschwerde \u2013 Meldung bei der Datenschutzbeh\u00f6rde auf der Website www.<a href=\"http:\/\/www.dpa.gr\">dpa.gr<\/a> einzureichen.<\/p><p><strong>LINKS ZU ANDEREN ADRESSEN**<\/strong><\/p><p>Im Falle eines Links \u00fcber meine Website zu einer anderen Internetsite, die unter der Verantwortung einer dritten Person oder eines dritten Tr\u00e4gers steht, liegt die Verantwortung f\u00fcr die dort befolgten Bedingungen f\u00fcr die Verwaltung und den Schutz personenbezogener Daten ausschlie\u00dflich beim Webmaster der betreffenden Internetsite.<\/p><p><strong>REVISION DER DATENSCHUTZRICHTLINIE <\/strong><\/p><p>Diese Datenschutzerkl\u00e4rung kann sich von Zeit zu Zeit je nach den technischen, wissenschaftlichen und gesetzlichen Entwicklungen \u00e4ndern. \u00c4nderungen werden meinen Kunden und Website-Nutzern nicht ausdr\u00fccklich mitgeteilt. Aus diesem Grund empfehle ich Ihnen, diese Seite gelegentlich auf m\u00f6gliche \u00c4nderungen der befolgten Datenschutzrichtlinie zu \u00fcberpr\u00fcfen, um \u00fcber Ihre Rechte und die Verarbeitung Ihrer Daten informiert zu bleiben. Die Nutzung der Website nach einer \u00c4nderung der befolgten Datenschutzrichtlinie setzt Ihre vorbehaltlose Annahme der \u00fcberarbeiteten Datenschutzrichtlinie voraus.\u00a0<\/p><p><strong>COOKIE-RICHTLINIE<\/strong><\/p><p>Diese Richtlinie erkl\u00e4rt, was Cookies sind und wie sie benutzt werden, welche Typen von Cookies wir benutzen, d.h. Informationen, die wir dadurch sammeln, die Art der Verwendung dieser Informationen und wie Sie die Cookies-Einstellungen bestimmen k\u00f6nnen. F\u00fcr mehr Details dar\u00fcber, wie wir Ihre personenbezogenen Daten nutzen, speichern und sch\u00fctzen, lesen Sie bitte unsere Datenschutzerkl\u00e4rung.<\/p><p><strong>WAS SIND COOKIES?<\/strong><br \/>Cookies sind kleine Textdateien, die f\u00fcr die Speicherung kurzer Informationen benutzt werden. Sie werden auf Ihrem Ger\u00e4t gespeichert, wenn der Browser die Website l\u00e4dt. Diese Cookies erlauben die richtige Funktion unserer Website, erh\u00f6hen die Sicherheit, gew\u00e4hren ein besseres Nutzererlebnis, helfen uns, die Leistung der Website zu verstehen und zu erkennen, welche Elemente funktionieren und welche verbessert werden m\u00fcssen.<\/p><p><strong>WIE VERWENDEN WIR COOKIES?<\/strong><\/p><p>Wie die meisten elektronischen Dienste, verwendet unsere Website Cookies der angezeigten Online-Site und dritter Parteien f\u00fcr verschiedene Zwecke. Die Cookies der angezeigten Online-Site sind haupts\u00e4chlich f\u00fcr die richtige Funktion der Website notwendig und sammeln keine Daten, die zur Identifizierung von Personen f\u00fchren k\u00f6nnten.<\/p><p>Die Cookies dritter Parteien, die auf unserer Website verwendet werden, erlauben uns haupts\u00e4chlich zu verstehen, wie die Website funktioniert und wie Besucher mit ihr interagieren. Au\u00dferdem tragen sie zum Schutz unserer Dienste bei, liefern Werbungen, die f\u00fcr Sie relevant sind und bieten generell ein besseres und verbessertes Nutzererlebnis, w\u00e4hrend sie Ihnen dabei helfen, Ihre zuk\u00fcnftigen Interaktionen mit unserer Website zu beschleunigen.<\/p><p><strong>WELCHE TYPEN VON COOKIES VERWENDEN WIR?<\/strong><\/p><p>Notwendige: Einige Cookies sind notwendig, damit Sie die umfassende Funktionalit\u00e4t unserer Website genie\u00dfen k\u00f6nnen. Sie erlauben uns, Benutzersitzungen zu bewahren und Sicherheitsbedrohungen zu verhindern. Sie sammeln und speichern keine pers\u00f6nlichen Informationen. Diese Cookies erm\u00f6glichen es Ihnen z.B., sich bei Ihrem Konto anzumelden, Produkte in Ihren Einkaufswagen zu legen und sicher zu bezahlen.<\/p><p>Statistischer Analyse: Diese Cookies speichern Informationen wie die Anzahl der Besucher der Website, die Anzahl der einmaligen Besucher, die von den Benutzern besuchten Seiten der Website, die Quelle der Besuche usw. Diese Daten helfen uns, die Leistung der Website und die Elemente, die verbessert werden k\u00f6nnten, zu verstehen und zu analysieren.<\/p><p>Werbung und Marketing: Unsere Website zeigt Werbungen an. Diese Cookies werden verwendet, damit die Werbungen, die wir Ihnen zeigen, so personalisiert sind, dass sie f\u00fcr Sie sinnvoll sind. Diese Cookies helfen uns auch dabei, die Wirksamkeit dieser Werbekampagnen zu verfolgen.<\/p><p>Die von diesen Cookies gespeicherten Informationen k\u00f6nnen weiterhin von Drittanbietern verwendet werden, um Ihnen Werbungen auf anderen Websites anzuzeigen, die Sie \u00fcber den Browser besuchen.<\/p><p>Funktionelle Cookies: Diese Cookies unterst\u00fctzen einige nicht wesentliche Funktionen unserer Website. Diese beinhalten die Aufnahme von Inhalten wie Videos oder das Teilen von Inhalten der Website auf Online-Plattformen sozialer Medien.<\/p><p>Pr\u00e4ferenz-Cookies: Diese Cookies erm\u00f6glichen es uns, Ihre Einstellungen und -pr\u00e4ferenzen im Browser, wie z. B. die bevorzugte Sprache, zu speichern, damit Sie bei zuk\u00fcnftigen Besuchen der Website ein besseres und effizienteres Erlebnis haben.<\/p><p>Die folgende Liste zeigt alle auf unserer Website verwendeten Cookies ausf\u00fchrlich an.<\/p><p><strong>WIE KANN ICH MEINE COOKIE-EINSTELLUNGEN PR\u00dcFEN?<br \/><\/strong><\/p><p>Wenn Sie sich sp\u00e4ter entscheiden, Ihre Einstellungen w\u00e4hrend Ihrer Browsersitzung zu \u00e4ndern, k\u00f6nnen Sie auf Ihrem Bildschirm auf die Registerkarte \u201eDatenschutz- und Cookie-Richtlinie\u201c clicken. So wird der Einwilligungshinweis erneut angezeigt, sodass Sie Ihre Einstellungen \u00e4ndern oder Ihre Einwilligung vollst\u00e4ndig widerrufen k\u00f6nnen.<\/p><p>Au\u00dferdem bieten verschiedene Browser unterschiedliche M\u00f6glichkeiten zum Blockieren und L\u00f6schen von Cookies, die von Websites verwendet werden. Um Cookies zu blockieren\/l\u00f6schen, k\u00f6nnen Sie Ihre Browsereinstellungen \u00e4ndern.<\/p><p><strong>LETZTE AKTUALISIERUNG: <\/strong>M\u00e4rz 2021***<\/p><p><em>* Anm. d. Red.\u00a0\u00a0<\/em><\/p>\t\t\t\t\t\t\t\t<\/div>\n\t\t\t\t<\/div>\n\t\t\t\t\t<\/div>\n\t\t<\/div>\n\t\t\t\t\t<\/div>\n\t\t<\/section>\n\t\t\t\t<\/div>\n\t\t","protected":false},"excerpt":{"rendered":"<p>DATENSCHUTZRICHTLINIEN &amp; ANPASSUNG AM DSGVO RICHTLINIEN ZUM SCHUTZ PERSONENBEZOGENER DATEN Diese Richtlinie beschreibt den Rahmen, in dem ich die personenbezogenen Daten von Kunden und Partnern erhebe, bewahre und verwende. VERANTWORTLICH F\u00dcR DIE VERARBEITUNG VON PERSONENBEZOGENEN DATEN, die zum Zwecke der Kommunikation, Erstellung der Kostensch\u00e4tzungen, Einhaltung von Steuervorschriften u.a. erhoben werden, bin ich selbst. Zus\u00e4tzlich bin [&hellip;]<\/p>\n","protected":false},"author":5,"featured_media":0,"parent":0,"menu_order":173,"comment_status":"closed","ping_status":"closed","template":"","meta":{"site-sidebar-layout":"no-sidebar","site-content-layout":"default","ast-site-content-layout":"default","site-content-style":"default","site-sidebar-style":"default","ast-global-header-display":"","ast-banner-title-visibility":"","ast-main-header-display":"","ast-hfb-above-header-display":"","ast-hfb-below-header-display":"","ast-hfb-mobile-header-display":"","site-post-title":"disabled","ast-breadcrumbs-content":"","ast-featured-img":"","footer-sml-layout":"","ast-disable-related-posts":"","theme-transparent-header-meta":"default","adv-header-id-meta":"","stick-header-meta":"","header-above-stick-meta":"","header-main-stick-meta":"","header-below-stick-meta":"","astra-migrate-meta-layouts":"default","ast-page-background-enabled":"default","ast-page-background-meta":{"desktop":{"background-color":"","background-image":"","background-repeat":"repeat","background-position":"center center","background-size":"auto","background-attachment":"scroll","background-type":"","background-media":"","overlay-type":"","overlay-color":"","overlay-opacity":"","overlay-gradient":""},"tablet":{"background-color":"","background-image":"","background-repeat":"repeat","background-position":"center center","background-size":"auto","background-attachment":"scroll","background-type":"","background-media":"","overlay-type":"","overlay-color":"","overlay-opacity":"","overlay-gradient":""},"mobile":{"background-color":"","background-image":"","background-repeat":"repeat","background-position":"center center","background-size":"auto","background-attachment":"scroll","background-type":"","background-media":"","overlay-type":"","overlay-color":"","overlay-opacity":"","overlay-gradient":""}},"ast-content-background-meta":{"desktop":{"background-color":"var(--ast-global-color-5)","background-image":"","background-repeat":"repeat","background-position":"center center","background-size":"auto","background-attachment":"scroll","background-type":"","background-media":"","overlay-type":"","overlay-color":"","overlay-opacity":"","overlay-gradient":""},"tablet":{"background-color":"var(--ast-global-color-5)","background-image":"","background-repeat":"repeat","background-position":"center center","background-size":"auto","background-attachment":"scroll","background-type":"","background-media":"","overlay-type":"","overlay-color":"","overlay-opacity":"","overlay-gradient":""},"mobile":{"background-color":"var(--ast-global-color-5)","background-image":"","background-repeat":"repeat","background-position":"center center","background-size":"auto","background-attachment":"scroll","background-type":"","background-media":"","overlay-type":"","overlay-color":"","overlay-opacity":"","overlay-gradient":""}},"footnotes":""},"class_list":["post-6306","page","type-page","status-publish","hentry"],"_links":{"self":[{"href":"https:\/\/www.translationembassy.com\/de\/wp-json\/wp\/v2\/pages\/6306","targetHints":{"allow":["GET"]}}],"collection":[{"href":"https:\/\/www.translationembassy.com\/de\/wp-json\/wp\/v2\/pages"}],"about":[{"href":"https:\/\/www.translationembassy.com\/de\/wp-json\/wp\/v2\/types\/page"}],"author":[{"embeddable":true,"href":"https:\/\/www.translationembassy.com\/de\/wp-json\/wp\/v2\/users\/5"}],"replies":[{"embeddable":true,"href":"https:\/\/www.translationembassy.com\/de\/wp-json\/wp\/v2\/comments?post=6306"}],"version-history":[{"count":11,"href":"https:\/\/www.translationembassy.com\/de\/wp-json\/wp\/v2\/pages\/6306\/revisions"}],"predecessor-version":[{"id":6318,"href":"https:\/\/www.translationembassy.com\/de\/wp-json\/wp\/v2\/pages\/6306\/revisions\/6318"}],"wp:attachment":[{"href":"https:\/\/www.translationembassy.com\/de\/wp-json\/wp\/v2\/media?parent=6306"}],"curies":[{"name":"wp","href":"https:\/\/api.w.org\/{rel}","templated":true}]}}