{"id":6373,"date":"2023-04-25T08:41:50","date_gmt":"2023-04-25T08:41:50","guid":{"rendered":"https:\/\/www.translationembassy.com\/?page_id=6373"},"modified":"2023-06-09T07:49:08","modified_gmt":"2023-06-09T07:49:08","slug":"dolmetschen-innovation-drive-bmw-muenchen","status":"publish","type":"page","link":"https:\/\/www.translationembassy.com\/de\/dolmetschen-innovation-drive-bmw-muenchen\/","title":{"rendered":"Dolmetschen f\u00fcr das Seminar \u201eInnovation Drive\u201c von BMW in M\u00fcnchen"},"content":{"rendered":"\t\t<div data-elementor-type=\"wp-post\" data-elementor-id=\"6373\" class=\"elementor elementor-6373 elementor-1527\" data-elementor-post-type=\"page\">\n\t\t\t\t\t\t<section class=\"elementor-section elementor-top-section elementor-element elementor-element-4ca7131 elementor-section-boxed elementor-section-height-default elementor-section-height-default\" data-id=\"4ca7131\" data-element_type=\"section\" data-e-type=\"section\">\n\t\t\t\t\t\t<div class=\"elementor-container elementor-column-gap-default\">\n\t\t\t\t\t<div class=\"elementor-column elementor-col-100 elementor-top-column elementor-element elementor-element-8f31c5c\" data-id=\"8f31c5c\" data-element_type=\"column\" data-e-type=\"column\" data-settings=\"{&quot;background_background&quot;:&quot;classic&quot;}\">\n\t\t\t<div class=\"elementor-widget-wrap elementor-element-populated\">\n\t\t\t\t\t\t<div class=\"elementor-element elementor-element-4397d5c elementor-widget elementor-widget-heading\" data-id=\"4397d5c\" data-element_type=\"widget\" data-e-type=\"widget\" data-widget_type=\"heading.default\">\n\t\t\t\t<div class=\"elementor-widget-container\">\n\t\t\t\t\t<h1 class=\"elementor-heading-title elementor-size-default\">Dolmetschen f\u00fcr das Seminar \u201eInnovation Drive\u201c von BMW in M\u00fcnchen<\/h1>\t\t\t\t<\/div>\n\t\t\t\t<\/div>\n\t\t\t\t\t<\/div>\n\t\t<\/div>\n\t\t\t\t\t<\/div>\n\t\t<\/section>\n\t\t\t\t<section class=\"elementor-section elementor-top-section elementor-element elementor-element-9ccd104 elementor-section-content-middle elementor-reverse-mobile elementor-section-boxed elementor-section-height-default elementor-section-height-default\" data-id=\"9ccd104\" data-element_type=\"section\" data-e-type=\"section\">\n\t\t\t\t\t\t<div class=\"elementor-container elementor-column-gap-default\">\n\t\t\t\t\t<div class=\"elementor-column elementor-col-50 elementor-top-column elementor-element elementor-element-db3ce82\" data-id=\"db3ce82\" data-element_type=\"column\" data-e-type=\"column\">\n\t\t\t<div class=\"elementor-widget-wrap elementor-element-populated\">\n\t\t\t\t\t\t<div class=\"elementor-element elementor-element-4c4ac16 elementor-widget elementor-widget-heading\" data-id=\"4c4ac16\" data-element_type=\"widget\" data-e-type=\"widget\" data-widget_type=\"heading.default\">\n\t\t\t\t<div class=\"elementor-widget-container\">\n\t\t\t\t\t<h3 class=\"elementor-heading-title elementor-size-default\">PR\u00c4SENTATIONSRAHMEN<\/h3>\t\t\t\t<\/div>\n\t\t\t\t<\/div>\n\t\t\t\t<div class=\"elementor-element elementor-element-190d311 elementor-widget elementor-widget-text-editor\" data-id=\"190d311\" data-element_type=\"widget\" data-e-type=\"widget\" data-widget_type=\"text-editor.default\">\n\t\t\t\t<div class=\"elementor-widget-container\">\n\t\t\t\t\t\t\t\t\t<p>Es geht um den bekannten Fahrzeughersteller und H\u00e4ndler BMW. 2015 organisierte BMW Seminare in ihren Einrichtungen in M\u00fcnchen, um das Model BMW 7er an Vertretern und Verk\u00e4ufern aus ganz Europa zu pr\u00e4sentieren. F\u00fcr die Veranstaltung setzte sie Dolmetscher ein, die insgesamt mehr als 20 europ\u00e4ische Sprachen bedienten. Die allgemeine Koordinierung der Dolmetscher hatte das B\u00fcro PlusLingua GmBH \u00fcbernommen. Die Seminare fanden in der Fahrschule von BMW in Maisach, M\u00fcnchen statt.<\/p>\t\t\t\t\t\t\t\t<\/div>\n\t\t\t\t<\/div>\n\t\t\t\t\t<\/div>\n\t\t<\/div>\n\t\t\t\t<div class=\"elementor-column elementor-col-50 elementor-top-column elementor-element elementor-element-a92e141\" data-id=\"a92e141\" data-element_type=\"column\" data-e-type=\"column\">\n\t\t\t<div class=\"elementor-widget-wrap elementor-element-populated\">\n\t\t\t\t\t\t<div class=\"elementor-element elementor-element-e8696b3 elementor-arrows-position-outside elementor-widget elementor-widget-image-carousel\" data-id=\"e8696b3\" data-element_type=\"widget\" data-e-type=\"widget\" data-settings=\"{&quot;slides_to_show&quot;:&quot;1&quot;,&quot;navigation&quot;:&quot;arrows&quot;,&quot;autoplay&quot;:&quot;yes&quot;,&quot;pause_on_hover&quot;:&quot;yes&quot;,&quot;pause_on_interaction&quot;:&quot;yes&quot;,&quot;autoplay_speed&quot;:5000,&quot;infinite&quot;:&quot;yes&quot;,&quot;effect&quot;:&quot;slide&quot;,&quot;speed&quot;:500}\" data-widget_type=\"image-carousel.default\">\n\t\t\t\t<div class=\"elementor-widget-container\">\n\t\t\t\t\t\t\t<div class=\"elementor-image-carousel-wrapper swiper\" role=\"region\" aria-roledescription=\"carousel\" aria-label=\"Bild Karussell\" dir=\"ltr\">\n\t\t\t<div class=\"elementor-image-carousel swiper-wrapper\" aria-live=\"off\">\n\t\t\t\t\t\t\t\t<div class=\"swiper-slide\" role=\"group\" aria-roledescription=\"slide\" aria-label=\"1 von 4\"><figure class=\"swiper-slide-inner\"><img decoding=\"async\" class=\"swiper-slide-image\" src=\"https:\/\/www.translationembassy.com\/wp-content\/uploads\/2019\/05\/bmw00.jpg\" alt=\"bmw00\" \/><\/figure><\/div><div class=\"swiper-slide\" role=\"group\" aria-roledescription=\"slide\" aria-label=\"2 von 4\"><figure class=\"swiper-slide-inner\"><img decoding=\"async\" class=\"swiper-slide-image\" src=\"https:\/\/www.translationembassy.com\/wp-content\/uploads\/2019\/05\/bmw-7-series-training.jpg\" alt=\"bmw-7-series-training\" \/><\/figure><\/div><div class=\"swiper-slide\" role=\"group\" aria-roledescription=\"slide\" aria-label=\"3 von 4\"><figure class=\"swiper-slide-inner\"><img decoding=\"async\" class=\"swiper-slide-image\" src=\"https:\/\/www.translationembassy.com\/wp-content\/uploads\/2019\/05\/bmw02.jpg\" alt=\"bmw02\" \/><\/figure><\/div><div class=\"swiper-slide\" role=\"group\" aria-roledescription=\"slide\" aria-label=\"4 von 4\"><figure class=\"swiper-slide-inner\"><img decoding=\"async\" class=\"swiper-slide-image\" src=\"https:\/\/www.translationembassy.com\/wp-content\/uploads\/2019\/05\/bmw03.jpg\" alt=\"bmw03\" \/><\/figure><\/div>\t\t\t<\/div>\n\t\t\t\t\t\t\t\t\t\t\t\t<div class=\"elementor-swiper-button elementor-swiper-button-prev\" role=\"button\" tabindex=\"0\">\n\t\t\t\t\t\t<i aria-hidden=\"true\" class=\"eicon-chevron-left\"><\/i>\t\t\t\t\t<\/div>\n\t\t\t\t\t<div class=\"elementor-swiper-button elementor-swiper-button-next\" role=\"button\" tabindex=\"0\">\n\t\t\t\t\t\t<i aria-hidden=\"true\" class=\"eicon-chevron-right\"><\/i>\t\t\t\t\t<\/div>\n\t\t\t\t\n\t\t\t\t\t\t\t\t\t<\/div>\n\t\t\t\t\t\t<\/div>\n\t\t\t\t<\/div>\n\t\t\t\t\t<\/div>\n\t\t<\/div>\n\t\t\t\t\t<\/div>\n\t\t<\/section>\n\t\t\t\t<section class=\"elementor-section elementor-top-section elementor-element elementor-element-6814a63 elementor-section-content-middle elementor-reverse-mobile elementor-section-boxed elementor-section-height-default elementor-section-height-default\" data-id=\"6814a63\" data-element_type=\"section\" data-e-type=\"section\">\n\t\t\t\t\t\t<div class=\"elementor-container elementor-column-gap-default\">\n\t\t\t\t\t<div class=\"elementor-column elementor-col-100 elementor-top-column elementor-element elementor-element-aba7360\" data-id=\"aba7360\" data-element_type=\"column\" data-e-type=\"column\">\n\t\t\t<div class=\"elementor-widget-wrap elementor-element-populated\">\n\t\t\t\t\t\t<div class=\"elementor-element elementor-element-00dc2b8 elementor-widget elementor-widget-heading\" data-id=\"00dc2b8\" data-element_type=\"widget\" data-e-type=\"widget\" data-widget_type=\"heading.default\">\n\t\t\t\t<div class=\"elementor-widget-container\">\n\t\t\t\t\t<h3 class=\"elementor-heading-title elementor-size-default\">MEIN BEITRAG<\/h3>\t\t\t\t<\/div>\n\t\t\t\t<\/div>\n\t\t\t\t<div class=\"elementor-element elementor-element-289faf0 elementor-widget elementor-widget-text-editor\" data-id=\"289faf0\" data-element_type=\"widget\" data-e-type=\"widget\" data-widget_type=\"text-editor.default\">\n\t\t\t\t<div class=\"elementor-widget-container\">\n\t\t\t\t\t\t\t\t\t<p>Im Rahmen der Veranstaltung habe ich beim Seminar mit dem Titel Innovation Drive Dolmetscherleistungen von Deutsch nach Griechisch und umgekehrt angeboten. Es ging praktisch um eine Art Ausbildungspraktikum, wo an erster Stelle die technischen Merkmale und luxuri\u00f6sen Bequemlichkeiten des Fahrzeuges analysiert und an zweiter Stelle in der Praxis mittels Testfahrten getestet wurden.<\/p><p>Die Teilnehmer am Seminar waren Vertreter und Verk\u00e4ufer von BMW aus Griechenland und Zypern. F\u00fcr die effektive Durchf\u00fchrung dieses Seminars mussten kleine Gruppen von 4-5 Personen gebildet werden. Die erste Phase der Ausbildung fand vor Ort auf dem Parkplatz statt, wo die technischen Merkmale analysiert und die M\u00f6glichkeit der Parkfernbedienung demonstriert wurden. F\u00fcr die zweite Phase stiegen die Teilnehmer in die Fahrzeuge ein und alle zusammen fingen wir mit den Testfahrten an. Ich war in dem ersten Fahrzeug zusammen mit dem Ausbilder und hinter uns folgten in einer Reihe die Fahrzeuge mit den Auszubildenden. Die Fahrzeuge kommunizierten miteinander mittels eines Walkie-Talkie Systems, \u00fcber das die Anweisungen und Erl\u00e4uterungen des Ausbilders gedolmetscht wurden. F\u00fcr diese besonderen Umst\u00e4nde der Durchf\u00fchrung des Seminars wurde Konsekutivdolmetschen als die geeignetste Form ausgew\u00e4hlt.<\/p><p><strong>BEISPIELE VON FUNKTIONEN DIE PR\u00c4SENTIERT UND ANALYSIERT WURDEN<\/strong><\/p><ul><li>BMW Laserlight<\/li><li>BMW Gesture Control<\/li><li>BMW Touch Command<\/li><li>BMW Remote Control Parking<\/li><li>BMW Display Key<\/li><li>BMW Efficient Dynamics<\/li><li>BMW Efficient Lightweight<\/li><li>BMW xDrive<\/li><li>Driving Experience Control<\/li><li>Transmission<\/li><li>Aerodynamics<\/li><li>Carbon Core<\/li><li>Executive Drive Pro<\/li><li>Bowers &amp; Wilkins Diamond surround sound system<\/li><li>Ambient Light<\/li><li>Ambient Air package<\/li><li>Rear seat entertainment experience<\/li><li>Executive Lounge<\/li><\/ul>\t\t\t\t\t\t\t\t<\/div>\n\t\t\t\t<\/div>\n\t\t\t\t\t<\/div>\n\t\t<\/div>\n\t\t\t\t\t<\/div>\n\t\t<\/section>\n\t\t\t\t<section class=\"elementor-section elementor-top-section elementor-element elementor-element-cd2b489 elementor-section-boxed elementor-section-height-default elementor-section-height-default\" data-id=\"cd2b489\" data-element_type=\"section\" data-e-type=\"section\" data-settings=\"{&quot;background_background&quot;:&quot;classic&quot;}\">\n\t\t\t\t\t\t<div class=\"elementor-container elementor-column-gap-no\">\n\t\t\t\t\t<div class=\"elementor-column elementor-col-100 elementor-top-column elementor-element elementor-element-b3858a0\" data-id=\"b3858a0\" data-element_type=\"column\" data-e-type=\"column\">\n\t\t\t<div class=\"elementor-widget-wrap elementor-element-populated\">\n\t\t\t\t\t\t<div class=\"elementor-element elementor-element-3005589 elementor-widget elementor-widget-heading\" data-id=\"3005589\" data-element_type=\"widget\" data-e-type=\"widget\" data-widget_type=\"heading.default\">\n\t\t\t\t<div class=\"elementor-widget-container\">\n\t\t\t\t\t<h4 class=\"elementor-heading-title elementor-size-default\">M\u00d6CHTEN SIE AUCH DOLMETSCHERLEISTUNGEN IN DAS VON IHNEN ORGANISIERTE SEMINAR INTEGRIEREN?<\/h4>\t\t\t\t<\/div>\n\t\t\t\t<\/div>\n\t\t\t\t<div class=\"elementor-element elementor-element-70971a0 elementor-widget elementor-widget-text-editor\" data-id=\"70971a0\" data-element_type=\"widget\" data-e-type=\"widget\" data-widget_type=\"text-editor.default\">\n\t\t\t\t<div class=\"elementor-widget-container\">\n\t\t\t\t\t\t\t\t\t<p>Wenn ja, dann ist es eine gute Idee, in professionelle Dolmetscher zu investieren. So stellen Sie sicher, dass Ihre Auszubildenden vollst\u00e4ndige und richtige Informationen \u00fcber Ihre Produkte und Dienstleistungen erhalten und inspiriert und mit den besten Eindr\u00fccken nach Hause gehen.<\/p><p>Wenn Sie ein Seminar organisieren, kann ich Ihnen helfen bei:<\/p><ul><li>Bereitstellung von Dolmetscherdiensten (simultan und konsekutiv, je nach den Umst\u00e4nden)<\/li><li>Gew\u00e4hrleistung eines Dolmetscherteams f\u00fcr l\u00e4ngere Seminare und f\u00fcr eine Vielzahl von Sprachen<\/li><li>\u00dcbersetzungen ihres Bildungsmaterials und ihrer Pr\u00e4sentationen<\/li><\/ul>\t\t\t\t\t\t\t\t<\/div>\n\t\t\t\t<\/div>\n\t\t\t\t<div class=\"elementor-element elementor-element-3fb73b7 elementor-widget__width-inherit elementor-align-center uael-mbutton-text-center elementor-widget elementor-widget-uael-marketing-button\" data-id=\"3fb73b7\" data-element_type=\"widget\" data-e-type=\"widget\" data-settings=\"{&quot;title_margin_bottom&quot;:{&quot;unit&quot;:&quot;em&quot;,&quot;size&quot;:0.6,&quot;sizes&quot;:[]},&quot;icon_size&quot;:{&quot;unit&quot;:&quot;px&quot;,&quot;size&quot;:&quot;&quot;,&quot;sizes&quot;:[]},&quot;icon_size_tablet&quot;:{&quot;unit&quot;:&quot;px&quot;,&quot;size&quot;:&quot;&quot;,&quot;sizes&quot;:[]},&quot;icon_size_mobile&quot;:{&quot;unit&quot;:&quot;px&quot;,&quot;size&quot;:&quot;&quot;,&quot;sizes&quot;:[]},&quot;icon_indent&quot;:{&quot;unit&quot;:&quot;px&quot;,&quot;size&quot;:&quot;&quot;,&quot;sizes&quot;:[]},&quot;icon_indent_tablet&quot;:{&quot;unit&quot;:&quot;px&quot;,&quot;size&quot;:&quot;&quot;,&quot;sizes&quot;:[]},&quot;icon_indent_mobile&quot;:{&quot;unit&quot;:&quot;px&quot;,&quot;size&quot;:&quot;&quot;,&quot;sizes&quot;:[]},&quot;align&quot;:&quot;center&quot;,&quot;padding&quot;:{&quot;unit&quot;:&quot;px&quot;,&quot;top&quot;:&quot;&quot;,&quot;right&quot;:&quot;&quot;,&quot;bottom&quot;:&quot;&quot;,&quot;left&quot;:&quot;&quot;,&quot;isLinked&quot;:true},&quot;padding_tablet&quot;:{&quot;unit&quot;:&quot;px&quot;,&quot;top&quot;:&quot;&quot;,&quot;right&quot;:&quot;&quot;,&quot;bottom&quot;:&quot;&quot;,&quot;left&quot;:&quot;&quot;,&quot;isLinked&quot;:true},&quot;padding_mobile&quot;:{&quot;unit&quot;:&quot;px&quot;,&quot;top&quot;:&quot;&quot;,&quot;right&quot;:&quot;&quot;,&quot;bottom&quot;:&quot;&quot;,&quot;left&quot;:&quot;&quot;,&quot;isLinked&quot;:true},&quot;title_margin_bottom_tablet&quot;:{&quot;unit&quot;:&quot;px&quot;,&quot;size&quot;:&quot;&quot;,&quot;sizes&quot;:[]},&quot;title_margin_bottom_mobile&quot;:{&quot;unit&quot;:&quot;px&quot;,&quot;size&quot;:&quot;&quot;,&quot;sizes&quot;:[]}}\" data-widget_type=\"uael-marketing-button.default\">\n\t\t\t\t<div class=\"elementor-widget-container\">\n\t\t\t\t\t\t\t<div class=\"uael-marketing-button elementor-widget-button\">\n\t\t\t<div class=\"uael-button-wrapper\">\n\t\t\t\t<a class=\"elementor-button-link elementor-button elementor-size-md uael-marketing-buttons-left\" href=\"https:\/\/www.translationembassy.com\/de\/angebotsformular-fuer-dolmetschen\/\">\n\t\t\t\t\t\t\t\t\t\t\t\t\t<span class=\"uael-marketing-buttons-wrap\">\n\t\t\t<span class=\"elementor-button-content-wrapper uael-buttons-icon-left\">\n\t\t\t\t\t\t\t\t\t\n\t\t\t\t<span class=\"elementor-align-icon-left elementor-button-icon\">\n\n\t\t\t\t\t<i aria-hidden=\"true\" class=\"fas fa-edit\"><\/i>\n\t\t\t\t<\/span>\n\t\t\t\t\t\t\t\t\t\t\t\t\t<span class=\"elementor-button-text uael-marketing-button-title elementor-inline-editing\" data-elementor-setting-key=\"text\" data-elementor-inline-editing-toolbar=\"none\">F\u00fcllen Sie das Angebotsformular aus<\/span>\n\t\t\t<\/span>\n\t\t\t\t\t\t\t<span class=\"uael-marketing-button-desc elementor-inline-editing\" data-elementor-setting-key=\"desc_text\" data-elementor-inline-editing-toolbar=\"none\">und ich werde Sie f\u00fcr Details und Preise kontaktieren<\/span>\n\t\t\t\t\t<\/span>\n\t\t\t\t\t\t<\/a>\n\t\t\t<\/div>\n\t\t<\/div>\n\t\t\t\t\t\t<\/div>\n\t\t\t\t<\/div>\n\t\t\t\t\t<\/div>\n\t\t<\/div>\n\t\t\t\t\t<\/div>\n\t\t<\/section>\n\t\t\t\t<section class=\"elementor-section elementor-top-section elementor-element elementor-element-b35c675 elementor-section-boxed elementor-section-height-default elementor-section-height-default\" data-id=\"b35c675\" data-element_type=\"section\" data-e-type=\"section\">\n\t\t\t\t\t\t<div class=\"elementor-container elementor-column-gap-default\">\n\t\t\t\t\t<div class=\"elementor-column elementor-col-100 elementor-top-column elementor-element elementor-element-9d6dfb9\" data-id=\"9d6dfb9\" data-element_type=\"column\" data-e-type=\"column\">\n\t\t\t<div class=\"elementor-widget-wrap elementor-element-populated\">\n\t\t\t\t\t\t<div class=\"elementor-element elementor-element-f3530fb elementor-align-center elementor-widget elementor-widget-button\" data-id=\"f3530fb\" data-element_type=\"widget\" data-e-type=\"widget\" data-widget_type=\"button.default\">\n\t\t\t\t<div class=\"elementor-widget-container\">\n\t\t\t\t\t\t\t\t\t<div class=\"elementor-button-wrapper\">\n\t\t\t\t\t<a class=\"elementor-button elementor-button-link elementor-size-xs\" href=\"https:\/\/www.translationembassy.com\/de\/dolmetscherprojekte\/\">\n\t\t\t\t\t\t<span class=\"elementor-button-content-wrapper\">\n\t\t\t\t\t\t<span class=\"elementor-button-icon\">\n\t\t\t\t<i aria-hidden=\"true\" class=\"fas fa-backward\"><\/i>\t\t\t<\/span>\n\t\t\t\t\t\t\t\t\t<span class=\"elementor-button-text\"> ZUR\u00dcCK ZUR SEITE \u201eDOLMETSCHERPROJEKTE\u201c<\/span>\n\t\t\t\t\t<\/span>\n\t\t\t\t\t<\/a>\n\t\t\t\t<\/div>\n\t\t\t\t\t\t\t\t<\/div>\n\t\t\t\t<\/div>\n\t\t\t\t\t<\/div>\n\t\t<\/div>\n\t\t\t\t\t<\/div>\n\t\t<\/section>\n\t\t\t\t<\/div>\n\t\t","protected":false},"excerpt":{"rendered":"<p>Dolmetschen f\u00fcr das Seminar \u201eInnovation Drive\u201c von BMW in M\u00fcnchen PR\u00c4SENTATIONSRAHMEN Es geht um den bekannten Fahrzeughersteller und H\u00e4ndler BMW. 2015 organisierte BMW Seminare in ihren Einrichtungen in M\u00fcnchen, um das Model BMW 7er an Vertretern und Verk\u00e4ufern aus ganz Europa zu pr\u00e4sentieren. F\u00fcr die Veranstaltung setzte sie Dolmetscher ein, die insgesamt mehr als 20 [&hellip;]<\/p>\n","protected":false},"author":5,"featured_media":0,"parent":0,"menu_order":91,"comment_status":"closed","ping_status":"closed","template":"elementor_header_footer","meta":{"site-sidebar-layout":"default","site-content-layout":"default","ast-site-content-layout":"default","site-content-style":"default","site-sidebar-style":"default","ast-global-header-display":"","ast-banner-title-visibility":"","ast-main-header-display":"","ast-hfb-above-header-display":"","ast-hfb-below-header-display":"","ast-hfb-mobile-header-display":"","site-post-title":"","ast-breadcrumbs-content":"","ast-featured-img":"","footer-sml-layout":"","ast-disable-related-posts":"","theme-transparent-header-meta":"default","adv-header-id-meta":"","stick-header-meta":"","header-above-stick-meta":"","header-main-stick-meta":"","header-below-stick-meta":"","astra-migrate-meta-layouts":"default","ast-page-background-enabled":"default","ast-page-background-meta":{"desktop":{"background-color":"","background-image":"","background-repeat":"repeat","background-position":"center center","background-size":"auto","background-attachment":"scroll","background-type":"","background-media":"","overlay-type":"","overlay-color":"","overlay-opacity":"","overlay-gradient":""},"tablet":{"background-color":"","background-image":"","background-repeat":"repeat","background-position":"center center","background-size":"auto","background-attachment":"scroll","background-type":"","background-media":"","overlay-type":"","overlay-color":"","overlay-opacity":"","overlay-gradient":""},"mobile":{"background-color":"","background-image":"","background-repeat":"repeat","background-position":"center center","background-size":"auto","background-attachment":"scroll","background-type":"","background-media":"","overlay-type":"","overlay-color":"","overlay-opacity":"","overlay-gradient":""}},"ast-content-background-meta":{"desktop":{"background-color":"var(--ast-global-color-5)","background-image":"","background-repeat":"repeat","background-position":"center center","background-size":"auto","background-attachment":"scroll","background-type":"","background-media":"","overlay-type":"","overlay-color":"","overlay-opacity":"","overlay-gradient":""},"tablet":{"background-color":"var(--ast-global-color-5)","background-image":"","background-repeat":"repeat","background-position":"center center","background-size":"auto","background-attachment":"scroll","background-type":"","background-media":"","overlay-type":"","overlay-color":"","overlay-opacity":"","overlay-gradient":""},"mobile":{"background-color":"var(--ast-global-color-5)","background-image":"","background-repeat":"repeat","background-position":"center center","background-size":"auto","background-attachment":"scroll","background-type":"","background-media":"","overlay-type":"","overlay-color":"","overlay-opacity":"","overlay-gradient":""}},"footnotes":""},"class_list":["post-6373","page","type-page","status-publish","hentry"],"_links":{"self":[{"href":"https:\/\/www.translationembassy.com\/de\/wp-json\/wp\/v2\/pages\/6373","targetHints":{"allow":["GET"]}}],"collection":[{"href":"https:\/\/www.translationembassy.com\/de\/wp-json\/wp\/v2\/pages"}],"about":[{"href":"https:\/\/www.translationembassy.com\/de\/wp-json\/wp\/v2\/types\/page"}],"author":[{"embeddable":true,"href":"https:\/\/www.translationembassy.com\/de\/wp-json\/wp\/v2\/users\/5"}],"replies":[{"embeddable":true,"href":"https:\/\/www.translationembassy.com\/de\/wp-json\/wp\/v2\/comments?post=6373"}],"version-history":[{"count":22,"href":"https:\/\/www.translationembassy.com\/de\/wp-json\/wp\/v2\/pages\/6373\/revisions"}],"predecessor-version":[{"id":7213,"href":"https:\/\/www.translationembassy.com\/de\/wp-json\/wp\/v2\/pages\/6373\/revisions\/7213"}],"wp:attachment":[{"href":"https:\/\/www.translationembassy.com\/de\/wp-json\/wp\/v2\/media?parent=6373"}],"curies":[{"name":"wp","href":"https:\/\/api.w.org\/{rel}","templated":true}]}}