{"id":6410,"date":"2023-04-26T07:49:27","date_gmt":"2023-04-26T07:49:27","guid":{"rendered":"https:\/\/www.translationembassy.com\/?page_id=6410"},"modified":"2023-06-12T18:21:44","modified_gmt":"2023-06-12T18:21:44","slug":"dolmetschen-lilian-thuram-futbolnet-barca","status":"publish","type":"page","link":"https:\/\/www.translationembassy.com\/de\/dolmetschen-lilian-thuram-futbolnet-barca\/","title":{"rendered":"Dolmetschen f\u00fcr Lilian Thuram im Rahmen des Futbolnet-Programms der BAR\u00c7A-Einrichtung"},"content":{"rendered":"\t\t<div data-elementor-type=\"wp-post\" data-elementor-id=\"6410\" class=\"elementor elementor-6410 elementor-2546\" data-elementor-post-type=\"page\">\n\t\t\t\t\t\t<section class=\"elementor-section elementor-top-section elementor-element elementor-element-4ca7131 elementor-section-boxed elementor-section-height-default elementor-section-height-default\" data-id=\"4ca7131\" data-element_type=\"section\" data-e-type=\"section\">\n\t\t\t\t\t\t<div class=\"elementor-container elementor-column-gap-default\">\n\t\t\t\t\t<div class=\"elementor-column elementor-col-100 elementor-top-column elementor-element elementor-element-8f31c5c\" data-id=\"8f31c5c\" data-element_type=\"column\" data-e-type=\"column\" data-settings=\"{&quot;background_background&quot;:&quot;classic&quot;}\">\n\t\t\t<div class=\"elementor-widget-wrap elementor-element-populated\">\n\t\t\t\t\t\t<div class=\"elementor-element elementor-element-4397d5c elementor-widget elementor-widget-heading\" data-id=\"4397d5c\" data-element_type=\"widget\" data-e-type=\"widget\" data-widget_type=\"heading.default\">\n\t\t\t\t<div class=\"elementor-widget-container\">\n\t\t\t\t\t<h1 class=\"elementor-heading-title elementor-size-default\">Dolmetschen f\u00fcr Lilian Thuram im Rahmen des Futbolnet-Programms <br>der BAR\u00c7A-Einrichtung<\/h1>\t\t\t\t<\/div>\n\t\t\t\t<\/div>\n\t\t\t\t\t<\/div>\n\t\t<\/div>\n\t\t\t\t\t<\/div>\n\t\t<\/section>\n\t\t\t\t<section class=\"elementor-section elementor-top-section elementor-element elementor-element-9ccd104 elementor-section-content-middle elementor-reverse-mobile elementor-section-boxed elementor-section-height-default elementor-section-height-default\" data-id=\"9ccd104\" data-element_type=\"section\" data-e-type=\"section\">\n\t\t\t\t\t\t<div class=\"elementor-container elementor-column-gap-default\">\n\t\t\t\t\t<div class=\"elementor-column elementor-col-50 elementor-top-column elementor-element elementor-element-db3ce82\" data-id=\"db3ce82\" data-element_type=\"column\" data-e-type=\"column\">\n\t\t\t<div class=\"elementor-widget-wrap elementor-element-populated\">\n\t\t\t\t\t\t<div class=\"elementor-element elementor-element-4c4ac16 elementor-widget elementor-widget-heading\" data-id=\"4c4ac16\" data-element_type=\"widget\" data-e-type=\"widget\" data-widget_type=\"heading.default\">\n\t\t\t\t<div class=\"elementor-widget-container\">\n\t\t\t\t\t<h3 class=\"elementor-heading-title elementor-size-default\">PR\u00c4SENTATIONSRAHMEN<\/h3>\t\t\t\t<\/div>\n\t\t\t\t<\/div>\n\t\t\t\t<div class=\"elementor-element elementor-element-190d311 elementor-widget elementor-widget-text-editor\" data-id=\"190d311\" data-element_type=\"widget\" data-e-type=\"widget\" data-widget_type=\"text-editor.default\">\n\t\t\t\t<div class=\"elementor-widget-container\">\n\t\t\t\t\t\t\t\t\t<p>Das FutbolNet-Programm wurde 2011 von der Bar\u00e7a-Einrichtung entwickelt, um gef\u00e4hrdeten Gruppen von Kindern und Jugendlichen zu helfen. Es handelt sich um eine Methodik, die die soziale Inklusion und Integration durch Sport, insbesondere Fu\u00dfball, f\u00f6rdert. Seit 2017 wird das Programm in Zusammenarbeit mit der Stavros Niarchos Einrichtung Fl\u00fcchtlingsgemeinschaften in Griechenland angeboten und ist eine Plattform zur Normalisierung ihrer widrigen Lebensbedingungen. Basierend auf den Werten des Barcelona-Teams, die sich in den Mottos Bescheidenheit, Anstrengung, Ehrgeiz, Respekt und Teamwork zusammenfassen, lernen Kinder, Konflikte zu l\u00f6sen und zu kooperieren, entwickeln Selbstwertgef\u00fchl und Respekt f\u00fcr andere, w\u00e4hrend sie trainieren und Spa\u00df haben. Weitere Informationen zum Programm finden Sie unter folgendem Link: <a href=\"https:\/\/foundation.fcbarcelona.com\/home\" target=\"_blank\" rel=\"noopener\">https:\/\/foundation.fcbarcelona.com\/home<\/a><\/p><p>Im Juni 2019 besuchten Mitglieder der Bar\u00e7a-Einrichtung zusammen mit dem international bekannten Fu\u00dfballer Lilian Thuram, einem ehemaligen Spieler von Barcelona und der franz\u00f6sischen Nationalmannschaft, als letztere die Weltmeisterschaft gewann, die Fl\u00fcchtlingslager von Skaramagas und Eleonas. W\u00e4hrend des zweit\u00e4gigen Besuchs leistete ich Dolmetscherdienste f\u00fcr Lilian Thuram.<\/p>\t\t\t\t\t\t\t\t<\/div>\n\t\t\t\t<\/div>\n\t\t\t\t\t<\/div>\n\t\t<\/div>\n\t\t\t\t<div class=\"elementor-column elementor-col-50 elementor-top-column elementor-element elementor-element-a92e141\" data-id=\"a92e141\" data-element_type=\"column\" data-e-type=\"column\">\n\t\t\t<div class=\"elementor-widget-wrap elementor-element-populated\">\n\t\t\t\t\t\t<div class=\"elementor-element elementor-element-e8696b3 elementor-arrows-position-outside elementor-widget elementor-widget-image-carousel\" data-id=\"e8696b3\" data-element_type=\"widget\" data-e-type=\"widget\" data-settings=\"{&quot;slides_to_show&quot;:&quot;1&quot;,&quot;navigation&quot;:&quot;arrows&quot;,&quot;autoplay&quot;:&quot;yes&quot;,&quot;pause_on_hover&quot;:&quot;yes&quot;,&quot;pause_on_interaction&quot;:&quot;yes&quot;,&quot;autoplay_speed&quot;:5000,&quot;infinite&quot;:&quot;yes&quot;,&quot;effect&quot;:&quot;slide&quot;,&quot;speed&quot;:500}\" data-widget_type=\"image-carousel.default\">\n\t\t\t\t<div class=\"elementor-widget-container\">\n\t\t\t\t\t\t\t<div class=\"elementor-image-carousel-wrapper swiper\" role=\"region\" aria-roledescription=\"carousel\" aria-label=\"Bild Karussell\" dir=\"ltr\">\n\t\t\t<div class=\"elementor-image-carousel swiper-wrapper\" aria-live=\"off\">\n\t\t\t\t\t\t\t\t<div class=\"swiper-slide\" role=\"group\" aria-roledescription=\"slide\" aria-label=\"1 von 4\"><figure class=\"swiper-slide-inner\"><img decoding=\"async\" class=\"swiper-slide-image\" src=\"https:\/\/www.translationembassy.com\/wp-content\/uploads\/2019\/07\/SKARAMAGAS_082-OPT-WEB.jpg\" alt=\"VISITA FUNDACIO FC BARCELONA A ATENAS - SKARAMAGAS CAMP\" \/><\/figure><\/div><div class=\"swiper-slide\" role=\"group\" aria-roledescription=\"slide\" aria-label=\"2 von 4\"><figure class=\"swiper-slide-inner\"><img decoding=\"async\" class=\"swiper-slide-image\" src=\"https:\/\/www.translationembassy.com\/wp-content\/uploads\/2019\/07\/ohPwRJwyQgKtQs4EurEmNw.jpg\" alt=\"Lilian Thuram visit Elaionas\" \/><\/figure><\/div><div class=\"swiper-slide\" role=\"group\" aria-roledescription=\"slide\" aria-label=\"3 von 4\"><figure class=\"swiper-slide-inner\"><img decoding=\"async\" class=\"swiper-slide-image\" src=\"https:\/\/www.translationembassy.com\/wp-content\/uploads\/2019\/07\/enC7whKeTYKtn94u24JJwQ.jpg\" alt=\"FutbonNet session\" \/><\/figure><\/div><div class=\"swiper-slide\" role=\"group\" aria-roledescription=\"slide\" aria-label=\"4 von 4\"><figure class=\"swiper-slide-inner\"><img decoding=\"async\" class=\"swiper-slide-image\" src=\"https:\/\/www.translationembassy.com\/wp-content\/uploads\/2019\/07\/DuOLddS0S7ygon5Dg2ZM7g.jpg\" alt=\"DuOLddS0S7ygon5Dg2ZM7g\" \/><\/figure><\/div>\t\t\t<\/div>\n\t\t\t\t\t\t\t\t\t\t\t\t<div class=\"elementor-swiper-button elementor-swiper-button-prev\" role=\"button\" tabindex=\"0\">\n\t\t\t\t\t\t<i aria-hidden=\"true\" class=\"eicon-chevron-left\"><\/i>\t\t\t\t\t<\/div>\n\t\t\t\t\t<div class=\"elementor-swiper-button elementor-swiper-button-next\" role=\"button\" tabindex=\"0\">\n\t\t\t\t\t\t<i aria-hidden=\"true\" class=\"eicon-chevron-right\"><\/i>\t\t\t\t\t<\/div>\n\t\t\t\t\n\t\t\t\t\t\t\t\t\t<\/div>\n\t\t\t\t\t\t<\/div>\n\t\t\t\t<\/div>\n\t\t\t\t\t<\/div>\n\t\t<\/div>\n\t\t\t\t\t<\/div>\n\t\t<\/section>\n\t\t\t\t<section class=\"elementor-section elementor-top-section elementor-element elementor-element-6814a63 elementor-section-content-middle elementor-reverse-mobile elementor-section-boxed elementor-section-height-default elementor-section-height-default\" data-id=\"6814a63\" data-element_type=\"section\" data-e-type=\"section\">\n\t\t\t\t\t\t<div class=\"elementor-container elementor-column-gap-default\">\n\t\t\t\t\t<div class=\"elementor-column elementor-col-100 elementor-top-column elementor-element elementor-element-aba7360\" data-id=\"aba7360\" data-element_type=\"column\" data-e-type=\"column\">\n\t\t\t<div class=\"elementor-widget-wrap elementor-element-populated\">\n\t\t\t\t\t\t<div class=\"elementor-element elementor-element-00dc2b8 elementor-widget elementor-widget-heading\" data-id=\"00dc2b8\" data-element_type=\"widget\" data-e-type=\"widget\" data-widget_type=\"heading.default\">\n\t\t\t\t<div class=\"elementor-widget-container\">\n\t\t\t\t\t<h3 class=\"elementor-heading-title elementor-size-default\">VORBEREITUNG<\/h3>\t\t\t\t<\/div>\n\t\t\t\t<\/div>\n\t\t\t\t<div class=\"elementor-element elementor-element-289faf0 elementor-widget elementor-widget-text-editor\" data-id=\"289faf0\" data-element_type=\"widget\" data-e-type=\"widget\" data-widget_type=\"text-editor.default\">\n\t\t\t\t<div class=\"elementor-widget-container\">\n\t\t\t\t\t\t\t\t\t<p>Zur Vorbereitung wurde folgendes gemacht:<\/p><ul><li>Pr\u00fcfung des zweit\u00e4gigen Besuchsprogramms und des Informationsblattes, das seitens der Veranstalter zur Verf\u00fcgung gestellt wurde.<\/li><li>Ausf\u00fchrliche Informationen zum FutbolNet-Programm, der Identit\u00e4t und anderen Aktionen der Bar\u00e7a-Einrichtung: Informationen wurden der Website und den sozialen Medien der Einrichtung sowie Artikeln und Analysen in der spanischen und internationalen Presse entnommen<\/li><li>Ausf\u00fchrliche Informationen \u00fcber die Lilian-Thuram-Einrichtung und ihr Werk: Die Informationen wurden aus dem reichen Material entnommen, das auf der Website der Einrichtung verf\u00fcgbar ist<\/li><li>Ansehen von Interviews (Videos oder in Zeitungsartikeln) von Lilian Thuram: Die Interviews waren eine sehr n\u00fctzliche Informationsquelle, da Lilian Thuram darin seine Ansichten zu Fragen der Gleichstellung und des Rassismus darlegte. Au\u00dferdem sprach er \u00fcber die Arbeit, die er durch die Einrichtung leistet, und \u00fcber sein Leben und die glorreichen sportlichen Momente, die er in der Vergangenheit mit der franz\u00f6sischen Nationalmannschaft und anderen Spitzenmannschaften erlebt hat. Die Interviews, die ich mir im Voraus angesehen habe, halfen mir, ein vollst\u00e4ndiges Bild seiner Pers\u00f6nlichkeit zu bilden, was mir sp\u00e4ter beim Dolmetschen, wo sich die Diskussionen im Wesentlichen um die gleichen Achsen bewegten, eine gro\u00dfe Hilfe war.<\/li><li>Studium der Regeln und Terminologie des Fu\u00dfballs sowie Erstellung technischer Glossare in Englisch, Franz\u00f6sisch und Griechisch.<\/li><\/ul>\t\t\t\t\t\t\t\t<\/div>\n\t\t\t\t<\/div>\n\t\t\t\t\t<\/div>\n\t\t<\/div>\n\t\t\t\t\t<\/div>\n\t\t<\/section>\n\t\t\t\t<section class=\"elementor-section elementor-top-section elementor-element elementor-element-2f07c8c elementor-section-content-middle elementor-reverse-mobile elementor-section-boxed elementor-section-height-default elementor-section-height-default\" data-id=\"2f07c8c\" data-element_type=\"section\" data-e-type=\"section\">\n\t\t\t\t\t\t<div class=\"elementor-container elementor-column-gap-default\">\n\t\t\t\t\t<div class=\"elementor-column elementor-col-100 elementor-top-column elementor-element elementor-element-ce609be\" data-id=\"ce609be\" data-element_type=\"column\" data-e-type=\"column\">\n\t\t\t<div class=\"elementor-widget-wrap elementor-element-populated\">\n\t\t\t\t\t\t<div class=\"elementor-element elementor-element-edae5a1 elementor-widget elementor-widget-heading\" data-id=\"edae5a1\" data-element_type=\"widget\" data-e-type=\"widget\" data-widget_type=\"heading.default\">\n\t\t\t\t<div class=\"elementor-widget-container\">\n\t\t\t\t\t<h3 class=\"elementor-heading-title elementor-size-default\">DAS DOLMETSCHEN<\/h3>\t\t\t\t<\/div>\n\t\t\t\t<\/div>\n\t\t\t\t<div class=\"elementor-element elementor-element-37057c2 elementor-widget elementor-widget-text-editor\" data-id=\"37057c2\" data-element_type=\"widget\" data-e-type=\"widget\" data-widget_type=\"text-editor.default\">\n\t\t\t\t<div class=\"elementor-widget-container\">\n\t\t\t\t\t\t\t\t\t<p>W\u00e4hrend der Besuche wurde Konsekutivdolmetschen in den Sprachkombinationen Englisch-Franz\u00f6sisch und Franz\u00f6sisch-Griechisch angeboten. Insbesondere betraf das Dolmetschen folgende Umst\u00e4nde:<\/p><ul><li>F\u00fchrung durch die Fl\u00fcchtlingslager, wo u.a. die Art der Organisation, die bestehenden Probleme, das Werk von NROs usw. analysiert wurden. Die F\u00fchrungen wurden in englischer Sprache von der Organisation Project Elea in Eleonas und der Organisation Earth in Skaramagas durchgef\u00fchrt. Es wurde Konsekutivdolmetschen ins Franz\u00f6sische angeboten.<\/li><li>FutbolNet-Kurs mit der Teilnahme von Lilian Thuram. Am Ende des Unterrichts fand eine Diskussion mit den Kindern statt, bei der ich die Rede von Lilian Thuram vom Franz\u00f6sischen ins Englische und dann die \u03a4rainer der Kinder vom Englischen ins Arabische und Farsi dolmetschten.<\/li><li>Interviews von Lilian Thuram auf dem griechischen Fernsehprogramm ERT und anderen lokalen und internationalen Fernseh- und Druckmedien. F\u00fcr die Interviews wurde Dolmetschen vom Franz\u00f6sischen ins Griechische und umgekehrt angeboten.<\/li><\/ul>\t\t\t\t\t\t\t\t<\/div>\n\t\t\t\t<\/div>\n\t\t\t\t\t<\/div>\n\t\t<\/div>\n\t\t\t\t\t<\/div>\n\t\t<\/section>\n\t\t\t\t<section class=\"elementor-section elementor-top-section elementor-element elementor-element-cd2b489 elementor-section-boxed elementor-section-height-default elementor-section-height-default\" data-id=\"cd2b489\" data-element_type=\"section\" data-e-type=\"section\" data-settings=\"{&quot;background_background&quot;:&quot;classic&quot;}\">\n\t\t\t\t\t\t<div class=\"elementor-container elementor-column-gap-no\">\n\t\t\t\t\t<div class=\"elementor-column elementor-col-100 elementor-top-column elementor-element elementor-element-b3858a0\" data-id=\"b3858a0\" data-element_type=\"column\" data-e-type=\"column\">\n\t\t\t<div class=\"elementor-widget-wrap elementor-element-populated\">\n\t\t\t\t\t\t<div class=\"elementor-element elementor-element-3005589 elementor-widget elementor-widget-heading\" data-id=\"3005589\" data-element_type=\"widget\" data-e-type=\"widget\" data-widget_type=\"heading.default\">\n\t\t\t\t<div class=\"elementor-widget-container\">\n\t\t\t\t\t<h4 class=\"elementor-heading-title elementor-size-default\">M\u00d6CHTEN SIE AUCH EINEN PROFESSIONELLEN DOLMETSCHER IN IHREN AUFTRAG EINBEZIEHEN?<\/h4>\t\t\t\t<\/div>\n\t\t\t\t<\/div>\n\t\t\t\t<div class=\"elementor-element elementor-element-70971a0 elementor-widget elementor-widget-text-editor\" data-id=\"70971a0\" data-element_type=\"widget\" data-e-type=\"widget\" data-widget_type=\"text-editor.default\">\n\t\t\t\t<div class=\"elementor-widget-container\">\n\t\t\t\t\t\t\t\t\t<p>Mit mir gew\u00e4hrleisten Sie jederzeit Komfort in der Kommunikation. Als professionelle Dolmetscherin und \u00dcbersetzerin kann ich Ihnen helfen bei:<\/p><ul><li>Bereitstellung von Dolmetscherdiensten (simultan, fl\u00fcsternd und konsekutiv, je nach den Umst\u00e4nden)<\/li><li>Gew\u00e4hrleistung eines Dolmetscherteams f\u00fcr l\u00e4ngere Treffen und f\u00fcr eine Vielzahl von Sprachen<\/li><li>\u00dcbersetzungen Ihrer Brosch\u00fcren und Pr\u00e4sentationen<\/li><\/ul>\t\t\t\t\t\t\t\t<\/div>\n\t\t\t\t<\/div>\n\t\t\t\t<div class=\"elementor-element elementor-element-3fb73b7 elementor-widget__width-inherit elementor-align-center uael-mbutton-text-center elementor-widget elementor-widget-uael-marketing-button\" data-id=\"3fb73b7\" data-element_type=\"widget\" data-e-type=\"widget\" data-settings=\"{&quot;title_margin_bottom&quot;:{&quot;unit&quot;:&quot;em&quot;,&quot;size&quot;:0.6,&quot;sizes&quot;:[]},&quot;icon_size&quot;:{&quot;unit&quot;:&quot;px&quot;,&quot;size&quot;:&quot;&quot;,&quot;sizes&quot;:[]},&quot;icon_size_tablet&quot;:{&quot;unit&quot;:&quot;px&quot;,&quot;size&quot;:&quot;&quot;,&quot;sizes&quot;:[]},&quot;icon_size_mobile&quot;:{&quot;unit&quot;:&quot;px&quot;,&quot;size&quot;:&quot;&quot;,&quot;sizes&quot;:[]},&quot;icon_indent&quot;:{&quot;unit&quot;:&quot;px&quot;,&quot;size&quot;:&quot;&quot;,&quot;sizes&quot;:[]},&quot;icon_indent_tablet&quot;:{&quot;unit&quot;:&quot;px&quot;,&quot;size&quot;:&quot;&quot;,&quot;sizes&quot;:[]},&quot;icon_indent_mobile&quot;:{&quot;unit&quot;:&quot;px&quot;,&quot;size&quot;:&quot;&quot;,&quot;sizes&quot;:[]},&quot;align&quot;:&quot;center&quot;,&quot;padding&quot;:{&quot;unit&quot;:&quot;px&quot;,&quot;top&quot;:&quot;&quot;,&quot;right&quot;:&quot;&quot;,&quot;bottom&quot;:&quot;&quot;,&quot;left&quot;:&quot;&quot;,&quot;isLinked&quot;:true},&quot;padding_tablet&quot;:{&quot;unit&quot;:&quot;px&quot;,&quot;top&quot;:&quot;&quot;,&quot;right&quot;:&quot;&quot;,&quot;bottom&quot;:&quot;&quot;,&quot;left&quot;:&quot;&quot;,&quot;isLinked&quot;:true},&quot;padding_mobile&quot;:{&quot;unit&quot;:&quot;px&quot;,&quot;top&quot;:&quot;&quot;,&quot;right&quot;:&quot;&quot;,&quot;bottom&quot;:&quot;&quot;,&quot;left&quot;:&quot;&quot;,&quot;isLinked&quot;:true},&quot;title_margin_bottom_tablet&quot;:{&quot;unit&quot;:&quot;px&quot;,&quot;size&quot;:&quot;&quot;,&quot;sizes&quot;:[]},&quot;title_margin_bottom_mobile&quot;:{&quot;unit&quot;:&quot;px&quot;,&quot;size&quot;:&quot;&quot;,&quot;sizes&quot;:[]}}\" data-widget_type=\"uael-marketing-button.default\">\n\t\t\t\t<div class=\"elementor-widget-container\">\n\t\t\t\t\t\t\t<div class=\"uael-marketing-button elementor-widget-button\">\n\t\t\t<div class=\"uael-button-wrapper\">\n\t\t\t\t<a class=\"elementor-button-link elementor-button elementor-size-md uael-marketing-buttons-left\" href=\"https:\/\/www.translationembassy.com\/de\/angebotsformular-fuer-dolmetschen\/\">\n\t\t\t\t\t\t\t\t\t\t\t\t\t<span class=\"uael-marketing-buttons-wrap\">\n\t\t\t<span class=\"elementor-button-content-wrapper uael-buttons-icon-left\">\n\t\t\t\t\t\t\t\t\t\n\t\t\t\t<span class=\"elementor-align-icon-left elementor-button-icon\">\n\n\t\t\t\t\t<i aria-hidden=\"true\" class=\"fas fa-edit\"><\/i>\n\t\t\t\t<\/span>\n\t\t\t\t\t\t\t\t\t\t\t\t\t<span class=\"elementor-button-text uael-marketing-button-title elementor-inline-editing\" data-elementor-setting-key=\"text\" data-elementor-inline-editing-toolbar=\"none\">F\u00fcllen Sie das Angebotsformular aus<\/span>\n\t\t\t<\/span>\n\t\t\t\t\t\t\t<span class=\"uael-marketing-button-desc elementor-inline-editing\" data-elementor-setting-key=\"desc_text\" data-elementor-inline-editing-toolbar=\"none\">und ich werde Sie f\u00fcr Details und Preise kontaktieren<\/span>\n\t\t\t\t\t<\/span>\n\t\t\t\t\t\t<\/a>\n\t\t\t<\/div>\n\t\t<\/div>\n\t\t\t\t\t\t<\/div>\n\t\t\t\t<\/div>\n\t\t\t\t\t<\/div>\n\t\t<\/div>\n\t\t\t\t\t<\/div>\n\t\t<\/section>\n\t\t\t\t<section class=\"elementor-section elementor-top-section elementor-element elementor-element-b35c675 elementor-section-boxed elementor-section-height-default elementor-section-height-default\" data-id=\"b35c675\" data-element_type=\"section\" data-e-type=\"section\">\n\t\t\t\t\t\t<div class=\"elementor-container elementor-column-gap-default\">\n\t\t\t\t\t<div class=\"elementor-column elementor-col-100 elementor-top-column elementor-element elementor-element-9d6dfb9\" data-id=\"9d6dfb9\" data-element_type=\"column\" data-e-type=\"column\">\n\t\t\t<div class=\"elementor-widget-wrap elementor-element-populated\">\n\t\t\t\t\t\t<div class=\"elementor-element elementor-element-f3530fb elementor-align-center elementor-widget elementor-widget-button\" data-id=\"f3530fb\" data-element_type=\"widget\" data-e-type=\"widget\" data-widget_type=\"button.default\">\n\t\t\t\t<div class=\"elementor-widget-container\">\n\t\t\t\t\t\t\t\t\t<div class=\"elementor-button-wrapper\">\n\t\t\t\t\t<a class=\"elementor-button elementor-button-link elementor-size-xs\" href=\"https:\/\/www.translationembassy.com\/de\/dolmetscherprojekte\/\">\n\t\t\t\t\t\t<span class=\"elementor-button-content-wrapper\">\n\t\t\t\t\t\t<span class=\"elementor-button-icon\">\n\t\t\t\t<i aria-hidden=\"true\" class=\"fas fa-backward\"><\/i>\t\t\t<\/span>\n\t\t\t\t\t\t\t\t\t<span class=\"elementor-button-text\">ZUR\u00dcCK ZUR SEITE \u201eDOLMETSCHERPROJEKTE\u201c<\/span>\n\t\t\t\t\t<\/span>\n\t\t\t\t\t<\/a>\n\t\t\t\t<\/div>\n\t\t\t\t\t\t\t\t<\/div>\n\t\t\t\t<\/div>\n\t\t\t\t\t<\/div>\n\t\t<\/div>\n\t\t\t\t\t<\/div>\n\t\t<\/section>\n\t\t\t\t<\/div>\n\t\t","protected":false},"excerpt":{"rendered":"<p>Dolmetschen f\u00fcr Lilian Thuram im Rahmen des Futbolnet-Programms der BAR\u00c7A-Einrichtung PR\u00c4SENTATIONSRAHMEN Das FutbolNet-Programm wurde 2011 von der Bar\u00e7a-Einrichtung entwickelt, um gef\u00e4hrdeten Gruppen von Kindern und Jugendlichen zu helfen. Es handelt sich um eine Methodik, die die soziale Inklusion und Integration durch Sport, insbesondere Fu\u00dfball, f\u00f6rdert. Seit 2017 wird das Programm in Zusammenarbeit mit der Stavros [&hellip;]<\/p>\n","protected":false},"author":5,"featured_media":0,"parent":0,"menu_order":99,"comment_status":"closed","ping_status":"closed","template":"elementor_header_footer","meta":{"site-sidebar-layout":"default","site-content-layout":"default","ast-site-content-layout":"default","site-content-style":"default","site-sidebar-style":"default","ast-global-header-display":"","ast-banner-title-visibility":"","ast-main-header-display":"","ast-hfb-above-header-display":"","ast-hfb-below-header-display":"","ast-hfb-mobile-header-display":"","site-post-title":"","ast-breadcrumbs-content":"","ast-featured-img":"","footer-sml-layout":"","ast-disable-related-posts":"","theme-transparent-header-meta":"default","adv-header-id-meta":"","stick-header-meta":"","header-above-stick-meta":"","header-main-stick-meta":"","header-below-stick-meta":"","astra-migrate-meta-layouts":"default","ast-page-background-enabled":"default","ast-page-background-meta":{"desktop":{"background-color":"","background-image":"","background-repeat":"repeat","background-position":"center center","background-size":"auto","background-attachment":"scroll","background-type":"","background-media":"","overlay-type":"","overlay-color":"","overlay-opacity":"","overlay-gradient":""},"tablet":{"background-color":"","background-image":"","background-repeat":"repeat","background-position":"center center","background-size":"auto","background-attachment":"scroll","background-type":"","background-media":"","overlay-type":"","overlay-color":"","overlay-opacity":"","overlay-gradient":""},"mobile":{"background-color":"","background-image":"","background-repeat":"repeat","background-position":"center center","background-size":"auto","background-attachment":"scroll","background-type":"","background-media":"","overlay-type":"","overlay-color":"","overlay-opacity":"","overlay-gradient":""}},"ast-content-background-meta":{"desktop":{"background-color":"var(--ast-global-color-5)","background-image":"","background-repeat":"repeat","background-position":"center center","background-size":"auto","background-attachment":"scroll","background-type":"","background-media":"","overlay-type":"","overlay-color":"","overlay-opacity":"","overlay-gradient":""},"tablet":{"background-color":"var(--ast-global-color-5)","background-image":"","background-repeat":"repeat","background-position":"center center","background-size":"auto","background-attachment":"scroll","background-type":"","background-media":"","overlay-type":"","overlay-color":"","overlay-opacity":"","overlay-gradient":""},"mobile":{"background-color":"var(--ast-global-color-5)","background-image":"","background-repeat":"repeat","background-position":"center center","background-size":"auto","background-attachment":"scroll","background-type":"","background-media":"","overlay-type":"","overlay-color":"","overlay-opacity":"","overlay-gradient":""}},"footnotes":""},"class_list":["post-6410","page","type-page","status-publish","hentry"],"_links":{"self":[{"href":"https:\/\/www.translationembassy.com\/de\/wp-json\/wp\/v2\/pages\/6410","targetHints":{"allow":["GET"]}}],"collection":[{"href":"https:\/\/www.translationembassy.com\/de\/wp-json\/wp\/v2\/pages"}],"about":[{"href":"https:\/\/www.translationembassy.com\/de\/wp-json\/wp\/v2\/types\/page"}],"author":[{"embeddable":true,"href":"https:\/\/www.translationembassy.com\/de\/wp-json\/wp\/v2\/users\/5"}],"replies":[{"embeddable":true,"href":"https:\/\/www.translationembassy.com\/de\/wp-json\/wp\/v2\/comments?post=6410"}],"version-history":[{"count":24,"href":"https:\/\/www.translationembassy.com\/de\/wp-json\/wp\/v2\/pages\/6410\/revisions"}],"predecessor-version":[{"id":7356,"href":"https:\/\/www.translationembassy.com\/de\/wp-json\/wp\/v2\/pages\/6410\/revisions\/7356"}],"wp:attachment":[{"href":"https:\/\/www.translationembassy.com\/de\/wp-json\/wp\/v2\/media?parent=6410"}],"curies":[{"name":"wp","href":"https:\/\/api.w.org\/{rel}","templated":true}]}}