{"id":6423,"date":"2023-04-26T08:03:12","date_gmt":"2023-04-26T08:03:12","guid":{"rendered":"https:\/\/www.translationembassy.com\/?page_id=6423"},"modified":"2023-06-09T07:56:35","modified_gmt":"2023-06-09T07:56:35","slug":"dolmetschen-solidarischen-schulen-treffen-2018","status":"publish","type":"page","link":"https:\/\/www.translationembassy.com\/de\/dolmetschen-solidarischen-schulen-treffen-2018\/","title":{"rendered":"Dolmetschen beim zweit\u00e4gigen Treffen der solidarischen Schulen &#8211; 16. und 17. Juni 2018"},"content":{"rendered":"\t\t<div data-elementor-type=\"wp-post\" data-elementor-id=\"6423\" class=\"elementor elementor-6423 elementor-1554\" data-elementor-post-type=\"page\">\n\t\t\t\t\t\t<section class=\"elementor-section elementor-top-section elementor-element elementor-element-4ca7131 elementor-section-boxed elementor-section-height-default elementor-section-height-default\" data-id=\"4ca7131\" data-element_type=\"section\" data-e-type=\"section\">\n\t\t\t\t\t\t<div class=\"elementor-container elementor-column-gap-default\">\n\t\t\t\t\t<div class=\"elementor-column elementor-col-100 elementor-top-column elementor-element elementor-element-8f31c5c\" data-id=\"8f31c5c\" data-element_type=\"column\" data-e-type=\"column\" data-settings=\"{&quot;background_background&quot;:&quot;classic&quot;}\">\n\t\t\t<div class=\"elementor-widget-wrap elementor-element-populated\">\n\t\t\t\t\t\t<div class=\"elementor-element elementor-element-4397d5c elementor-widget elementor-widget-heading\" data-id=\"4397d5c\" data-element_type=\"widget\" data-e-type=\"widget\" data-widget_type=\"heading.default\">\n\t\t\t\t<div class=\"elementor-widget-container\">\n\t\t\t\t\t<h1 class=\"elementor-heading-title elementor-size-default\">Dolmetschen beim zweit\u00e4gigen Treffen der solidarischen Schulen - 16. und 17. Juni 2018<\/h1>\t\t\t\t<\/div>\n\t\t\t\t<\/div>\n\t\t\t\t\t<\/div>\n\t\t<\/div>\n\t\t\t\t\t<\/div>\n\t\t<\/section>\n\t\t\t\t<section class=\"elementor-section elementor-top-section elementor-element elementor-element-9ccd104 elementor-section-content-middle elementor-reverse-mobile elementor-section-boxed elementor-section-height-default elementor-section-height-default\" data-id=\"9ccd104\" data-element_type=\"section\" data-e-type=\"section\">\n\t\t\t\t\t\t<div class=\"elementor-container elementor-column-gap-default\">\n\t\t\t\t\t<div class=\"elementor-column elementor-col-50 elementor-top-column elementor-element elementor-element-db3ce82\" data-id=\"db3ce82\" data-element_type=\"column\" data-e-type=\"column\">\n\t\t\t<div class=\"elementor-widget-wrap elementor-element-populated\">\n\t\t\t\t\t\t<div class=\"elementor-element elementor-element-4c4ac16 elementor-widget elementor-widget-heading\" data-id=\"4c4ac16\" data-element_type=\"widget\" data-e-type=\"widget\" data-widget_type=\"heading.default\">\n\t\t\t\t<div class=\"elementor-widget-container\">\n\t\t\t\t\t<h3 class=\"elementor-heading-title elementor-size-default\">PR\u00c4SENTATIONSRAHMEN<\/h3>\t\t\t\t<\/div>\n\t\t\t\t<\/div>\n\t\t\t\t<div class=\"elementor-element elementor-element-190d311 elementor-widget elementor-widget-text-editor\" data-id=\"190d311\" data-element_type=\"widget\" data-e-type=\"widget\" data-widget_type=\"text-editor.default\">\n\t\t\t\t<div class=\"elementor-widget-container\">\n\t\t\t\t\t\t\t\t\t<p>Solidarische Schulen sind alternative Bildungseinrichtungen, die darauf abzielen, eine demokratischere und einvernehmlichere Erziehungsart auf der Grundlage von Solidarit\u00e4t und Selbstorganisation zu f\u00f6rdern. Solidarische Schulen sind kein Ersatz f\u00fcr das \u00f6ffentliche Bildungssystem. Im Gegenteil unterst\u00fctzen sie die \u00f6ffentliche Schule, indem sie helfen, die Bildungsbed\u00fcrfnisse der modernen Gesellschaft besser zu erf\u00fcllen und die sozialen Herausforderungen im Bildungsbereich zu bew\u00e4ltigen, die durch die j\u00fcngste Finanzkrise entstanden sind. Ein besonderes Merkmal solidarischer Schulen ist ihre demokratische Funktionsart, die sich durch den Entscheidungsprozess in gemischten Versammlungen ausdr\u00fcckt, an denen Lehrer, Eltern und Kinder teilnehmen.<\/p><p>Weitere Informationen \u00fcber die Rolle und Arbeit von solidarischen Schulen finden Sie unter folgendem Link: http:\/\/meeting.solidarityschools.gr<\/p>\t\t\t\t\t\t\t\t<\/div>\n\t\t\t\t<\/div>\n\t\t\t\t\t<\/div>\n\t\t<\/div>\n\t\t\t\t<div class=\"elementor-column elementor-col-50 elementor-top-column elementor-element elementor-element-a92e141\" data-id=\"a92e141\" data-element_type=\"column\" data-e-type=\"column\">\n\t\t\t<div class=\"elementor-widget-wrap elementor-element-populated\">\n\t\t\t\t\t\t<div class=\"elementor-element elementor-element-e8696b3 elementor-arrows-position-outside elementor-widget elementor-widget-image-carousel\" data-id=\"e8696b3\" data-element_type=\"widget\" data-e-type=\"widget\" data-settings=\"{&quot;slides_to_show&quot;:&quot;1&quot;,&quot;navigation&quot;:&quot;arrows&quot;,&quot;autoplay&quot;:&quot;yes&quot;,&quot;pause_on_hover&quot;:&quot;yes&quot;,&quot;pause_on_interaction&quot;:&quot;yes&quot;,&quot;autoplay_speed&quot;:5000,&quot;infinite&quot;:&quot;yes&quot;,&quot;effect&quot;:&quot;slide&quot;,&quot;speed&quot;:500}\" data-widget_type=\"image-carousel.default\">\n\t\t\t\t<div class=\"elementor-widget-container\">\n\t\t\t\t\t\t\t<div class=\"elementor-image-carousel-wrapper swiper\" role=\"region\" aria-roledescription=\"carousel\" aria-label=\"Bild Karussell\" dir=\"ltr\">\n\t\t\t<div class=\"elementor-image-carousel swiper-wrapper\" aria-live=\"off\">\n\t\t\t\t\t\t\t\t<div class=\"swiper-slide\" role=\"group\" aria-roledescription=\"slide\" aria-label=\"1 von 2\"><figure class=\"swiper-slide-inner\"><img decoding=\"async\" class=\"swiper-slide-image\" src=\"https:\/\/www.translationembassy.com\/wp-content\/uploads\/2019\/05\/alileggya-sxoleia.jpg\" alt=\"\u03a4\u03b1\u03c5\u03c4\u03cc\u03c7\u03c1\u03bf\u03bd\u03b7 \u0394\u03b9\u03b5\u03c1\u03bc\u03b7\u03bd\u03b5\u03af\u03b1 \u0395\u03bb\u03bb\u03b7\u03bd\u03b9\u03ba\u03ac  \u0391\u03b3\u03b3\u03bb\u03b9\u03ba\u03ac\" \/><\/figure><\/div><div class=\"swiper-slide\" role=\"group\" aria-roledescription=\"slide\" aria-label=\"2 von 2\"><figure class=\"swiper-slide-inner\"><img decoding=\"async\" class=\"swiper-slide-image\" src=\"https:\/\/www.translationembassy.com\/wp-content\/uploads\/2019\/05\/allilegia-sxoleia.jpg\" alt=\"allilegia-sxoleia\" \/><\/figure><\/div>\t\t\t<\/div>\n\t\t\t\t\t\t\t\t\t\t\t\t<div class=\"elementor-swiper-button elementor-swiper-button-prev\" role=\"button\" tabindex=\"0\">\n\t\t\t\t\t\t<i aria-hidden=\"true\" class=\"eicon-chevron-left\"><\/i>\t\t\t\t\t<\/div>\n\t\t\t\t\t<div class=\"elementor-swiper-button elementor-swiper-button-next\" role=\"button\" tabindex=\"0\">\n\t\t\t\t\t\t<i aria-hidden=\"true\" class=\"eicon-chevron-right\"><\/i>\t\t\t\t\t<\/div>\n\t\t\t\t\n\t\t\t\t\t\t\t\t\t<\/div>\n\t\t\t\t\t\t<\/div>\n\t\t\t\t<\/div>\n\t\t\t\t\t<\/div>\n\t\t<\/div>\n\t\t\t\t\t<\/div>\n\t\t<\/section>\n\t\t\t\t<section class=\"elementor-section elementor-top-section elementor-element elementor-element-6814a63 elementor-section-content-middle elementor-reverse-mobile elementor-section-boxed elementor-section-height-default elementor-section-height-default\" data-id=\"6814a63\" data-element_type=\"section\" data-e-type=\"section\">\n\t\t\t\t\t\t<div class=\"elementor-container elementor-column-gap-default\">\n\t\t\t\t\t<div class=\"elementor-column elementor-col-100 elementor-top-column elementor-element elementor-element-aba7360\" data-id=\"aba7360\" data-element_type=\"column\" data-e-type=\"column\">\n\t\t\t<div class=\"elementor-widget-wrap elementor-element-populated\">\n\t\t\t\t\t\t<div class=\"elementor-element elementor-element-00dc2b8 elementor-widget elementor-widget-heading\" data-id=\"00dc2b8\" data-element_type=\"widget\" data-e-type=\"widget\" data-widget_type=\"heading.default\">\n\t\t\t\t<div class=\"elementor-widget-container\">\n\t\t\t\t\t<h3 class=\"elementor-heading-title elementor-size-default\">DIE KONFERENZ<\/h3>\t\t\t\t<\/div>\n\t\t\t\t<\/div>\n\t\t\t\t<div class=\"elementor-element elementor-element-289faf0 elementor-widget elementor-widget-text-editor\" data-id=\"289faf0\" data-element_type=\"widget\" data-e-type=\"widget\" data-widget_type=\"text-editor.default\">\n\t\t\t\t<div class=\"elementor-widget-container\">\n\t\t\t\t\t\t\t\t\t<p>Am 16. und 17. Juni 2018 veranstalteten die solidarischen Schulen eine internationale Konferenz an der Hochschule der Bildenden K\u00fcnste von Athen. An der Konferenz nahmen auch Vertreter \u00e4hnlicher Einrichtungen in anderen Teilen Europas teil. Ziel der Konferenz war es, durch konstruktive Diskussionen, Austausch von Erfahrungen, Vorschl\u00e4ge und Initiativen die Landschaft im Bereich der solidarischen Bildung zu kartieren, woraus Schlussfolgerungen f\u00fcr die weitere F\u00f6rderung und Verbesserung der Arbeit solidarischer Schulen gezogen wurden. Die Diskussionen des zweiten Tages verfolgte auch der Bildungsminister Kostas Gavroglou.<\/p>\t\t\t\t\t\t\t\t<\/div>\n\t\t\t\t<\/div>\n\t\t\t\t\t<\/div>\n\t\t<\/div>\n\t\t\t\t\t<\/div>\n\t\t<\/section>\n\t\t\t\t<section class=\"elementor-section elementor-top-section elementor-element elementor-element-2f07c8c elementor-section-content-middle elementor-reverse-mobile elementor-section-boxed elementor-section-height-default elementor-section-height-default\" data-id=\"2f07c8c\" data-element_type=\"section\" data-e-type=\"section\">\n\t\t\t\t\t\t<div class=\"elementor-container elementor-column-gap-default\">\n\t\t\t\t\t<div class=\"elementor-column elementor-col-100 elementor-top-column elementor-element elementor-element-ce609be\" data-id=\"ce609be\" data-element_type=\"column\" data-e-type=\"column\">\n\t\t\t<div class=\"elementor-widget-wrap elementor-element-populated\">\n\t\t\t\t\t\t<div class=\"elementor-element elementor-element-edae5a1 elementor-widget elementor-widget-heading\" data-id=\"edae5a1\" data-element_type=\"widget\" data-e-type=\"widget\" data-widget_type=\"heading.default\">\n\t\t\t\t<div class=\"elementor-widget-container\">\n\t\t\t\t\t<h3 class=\"elementor-heading-title elementor-size-default\">DAS DOLMETSCHEN<\/h3>\t\t\t\t<\/div>\n\t\t\t\t<\/div>\n\t\t\t\t<div class=\"elementor-element elementor-element-37057c2 elementor-widget elementor-widget-text-editor\" data-id=\"37057c2\" data-element_type=\"widget\" data-e-type=\"widget\" data-widget_type=\"text-editor.default\">\n\t\t\t\t<div class=\"elementor-widget-container\">\n\t\t\t\t\t\t\t\t\t<p>An der Konferenz nahmen ausl\u00e4ndische Vertreter solidarischer Bildungseinrichtungen aus der Schweiz, \u00d6sterreich, der T\u00fcrkei und anderen L\u00e4ndern teil. F\u00fcr die reibungslose Kommunikation wurde es als notwendig erachtet, eine Verdolmetschung in die Sprachen der Teilnehmer anzubieten. Nach sorgf\u00e4ltiger Pr\u00fcfung des sprachlichen Bedarfs ausl\u00e4ndischer Vertreter und des Publikums wurde beschlossen, Dolmetschen in Englisch und Franz\u00f6sisch bereitzustellen.<\/p><p>Insgesamt waren die Konferenzsprachen also drei: Griechisch, Englisch und Franz\u00f6sisch. Das bedeutete praktisch, dass jede Rede in zwei andere Sprachen gedolmetscht werden musste. Aus diesem Grund wurde entschieden, dass die am besten geeignete Art des Dolmetschens simultan ist.<\/p><p>Daher wurden zwei Dolmetscherkabinen eingerichtet: eine f\u00fcr Englisch und eine f\u00fcr Franz\u00f6sisch. Ich arbeitete in der englischen Kabine und dolmetschte haupts\u00e4chlich aus dem Griechischen ins Englische, da die meisten Sprecher Griechisch sprachen, und in geringerem Ma\u00dfe aus dem Englischen ins Griechische, wenn ein englischer Sprecher das Wort ergriff. F\u00fcr die Pr\u00e4sentationen der franz\u00f6sischen Sprecher auf Franz\u00f6sisch wurde Relais-Dolmetschen verwendet, bei dem ich mich mit der franz\u00f6sischen Kabine verbunden und der \u00dcbersetzung des Kollegen aus dem Franz\u00f6sischen ins Griechische zugeh\u00f6rt habe. Auf der Basis des Dolmetschens ins Griechische habe ich dann ins Englische gedolmetscht. Das gleiche Verfahren wurde f\u00fcr die englischen Reden verwendet, wobei die franz\u00f6sische Kabine von mir das Relais-Dolmetschen \u201eabgriff\u201c und ihr eigenes Dolmetschen auf meine Verdolmetschung vom Englischen ins Griechische basierte.<\/p>\t\t\t\t\t\t\t\t<\/div>\n\t\t\t\t<\/div>\n\t\t\t\t\t<\/div>\n\t\t<\/div>\n\t\t\t\t\t<\/div>\n\t\t<\/section>\n\t\t\t\t<section class=\"elementor-section elementor-top-section elementor-element elementor-element-cd2b489 elementor-section-boxed elementor-section-height-default elementor-section-height-default\" data-id=\"cd2b489\" data-element_type=\"section\" data-e-type=\"section\" data-settings=\"{&quot;background_background&quot;:&quot;classic&quot;}\">\n\t\t\t\t\t\t<div class=\"elementor-container elementor-column-gap-no\">\n\t\t\t\t\t<div class=\"elementor-column elementor-col-100 elementor-top-column elementor-element elementor-element-b3858a0\" data-id=\"b3858a0\" data-element_type=\"column\" data-e-type=\"column\">\n\t\t\t<div class=\"elementor-widget-wrap elementor-element-populated\">\n\t\t\t\t\t\t<div class=\"elementor-element elementor-element-3005589 elementor-widget elementor-widget-heading\" data-id=\"3005589\" data-element_type=\"widget\" data-e-type=\"widget\" data-widget_type=\"heading.default\">\n\t\t\t\t<div class=\"elementor-widget-container\">\n\t\t\t\t\t<h4 class=\"elementor-heading-title elementor-size-default\">M\u00d6CHTEN SIE AUCH PROFESSIONELLE DOLMETSCHER F\u00dcR IHR BILDUNGSTREFFEN EINSTELLEN?<\/h4>\t\t\t\t<\/div>\n\t\t\t\t<\/div>\n\t\t\t\t<div class=\"elementor-element elementor-element-70971a0 elementor-widget elementor-widget-text-editor\" data-id=\"70971a0\" data-element_type=\"widget\" data-e-type=\"widget\" data-widget_type=\"text-editor.default\">\n\t\t\t\t<div class=\"elementor-widget-container\">\n\t\t\t\t\t\t\t\t\t<p>Professionelles Dolmetschen dient Bildungszwecken umfassender, da es vollst\u00e4ndiges Verst\u00e4ndnis, aktive Teilnahme und Leichtigkeit in konstruktiven Diskussionen durch den Dolmetscher gew\u00e4hrleistet. Wenn es um sensible Themen geht, die die Bew\u00e4ltigung gesellschaftlicher Herausforderungen betreffen, ist professionelles Dolmetschen erforderlich.<\/p><p>Als professionelle Dolmetscherin und \u00dcbersetzerin kann ich Ihnen helfen bei:<\/p><ul><li>Bereitstellung von Dolmetscherdiensten (simultan, fl\u00fcsternd und konsekutiv, je nach den Umst\u00e4nden)<\/li><li>Gew\u00e4hrleistung eines Dolmetscherteams f\u00fcr l\u00e4ngere Treffen und f\u00fcr eine Vielzahl von Sprachen<\/li><li>\u00dcbersetzungen Ihres Bildungsmaterials und Ihrer Pr\u00e4sentationen<\/li><\/ul>\t\t\t\t\t\t\t\t<\/div>\n\t\t\t\t<\/div>\n\t\t\t\t<div class=\"elementor-element elementor-element-3fb73b7 elementor-widget__width-inherit elementor-align-center uael-mbutton-text-center elementor-widget elementor-widget-uael-marketing-button\" data-id=\"3fb73b7\" data-element_type=\"widget\" data-e-type=\"widget\" data-settings=\"{&quot;title_margin_bottom&quot;:{&quot;unit&quot;:&quot;em&quot;,&quot;size&quot;:0.6,&quot;sizes&quot;:[]},&quot;icon_size&quot;:{&quot;unit&quot;:&quot;px&quot;,&quot;size&quot;:&quot;&quot;,&quot;sizes&quot;:[]},&quot;icon_size_tablet&quot;:{&quot;unit&quot;:&quot;px&quot;,&quot;size&quot;:&quot;&quot;,&quot;sizes&quot;:[]},&quot;icon_size_mobile&quot;:{&quot;unit&quot;:&quot;px&quot;,&quot;size&quot;:&quot;&quot;,&quot;sizes&quot;:[]},&quot;icon_indent&quot;:{&quot;unit&quot;:&quot;px&quot;,&quot;size&quot;:&quot;&quot;,&quot;sizes&quot;:[]},&quot;icon_indent_tablet&quot;:{&quot;unit&quot;:&quot;px&quot;,&quot;size&quot;:&quot;&quot;,&quot;sizes&quot;:[]},&quot;icon_indent_mobile&quot;:{&quot;unit&quot;:&quot;px&quot;,&quot;size&quot;:&quot;&quot;,&quot;sizes&quot;:[]},&quot;align&quot;:&quot;center&quot;,&quot;padding&quot;:{&quot;unit&quot;:&quot;px&quot;,&quot;top&quot;:&quot;&quot;,&quot;right&quot;:&quot;&quot;,&quot;bottom&quot;:&quot;&quot;,&quot;left&quot;:&quot;&quot;,&quot;isLinked&quot;:true},&quot;padding_tablet&quot;:{&quot;unit&quot;:&quot;px&quot;,&quot;top&quot;:&quot;&quot;,&quot;right&quot;:&quot;&quot;,&quot;bottom&quot;:&quot;&quot;,&quot;left&quot;:&quot;&quot;,&quot;isLinked&quot;:true},&quot;padding_mobile&quot;:{&quot;unit&quot;:&quot;px&quot;,&quot;top&quot;:&quot;&quot;,&quot;right&quot;:&quot;&quot;,&quot;bottom&quot;:&quot;&quot;,&quot;left&quot;:&quot;&quot;,&quot;isLinked&quot;:true},&quot;title_margin_bottom_tablet&quot;:{&quot;unit&quot;:&quot;px&quot;,&quot;size&quot;:&quot;&quot;,&quot;sizes&quot;:[]},&quot;title_margin_bottom_mobile&quot;:{&quot;unit&quot;:&quot;px&quot;,&quot;size&quot;:&quot;&quot;,&quot;sizes&quot;:[]}}\" data-widget_type=\"uael-marketing-button.default\">\n\t\t\t\t<div class=\"elementor-widget-container\">\n\t\t\t\t\t\t\t<div class=\"uael-marketing-button elementor-widget-button\">\n\t\t\t<div class=\"uael-button-wrapper\">\n\t\t\t\t<a class=\"elementor-button-link elementor-button elementor-size-md uael-marketing-buttons-left\" href=\"https:\/\/www.translationembassy.com\/de\/angebotsformular-fuer-dolmetschen\/\">\n\t\t\t\t\t\t\t\t\t\t\t\t\t<span class=\"uael-marketing-buttons-wrap\">\n\t\t\t<span class=\"elementor-button-content-wrapper uael-buttons-icon-left\">\n\t\t\t\t\t\t\t\t\t\n\t\t\t\t<span class=\"elementor-align-icon-left elementor-button-icon\">\n\n\t\t\t\t\t<i aria-hidden=\"true\" class=\"fas fa-edit\"><\/i>\n\t\t\t\t<\/span>\n\t\t\t\t\t\t\t\t\t\t\t\t\t<span class=\"elementor-button-text uael-marketing-button-title elementor-inline-editing\" data-elementor-setting-key=\"text\" data-elementor-inline-editing-toolbar=\"none\">F\u00fcllen Sie das Angebotsformular aus<\/span>\n\t\t\t<\/span>\n\t\t\t\t\t\t\t<span class=\"uael-marketing-button-desc elementor-inline-editing\" data-elementor-setting-key=\"desc_text\" data-elementor-inline-editing-toolbar=\"none\">und ich werde Sie f\u00fcr Details und Preise kontaktieren<\/span>\n\t\t\t\t\t<\/span>\n\t\t\t\t\t\t<\/a>\n\t\t\t<\/div>\n\t\t<\/div>\n\t\t\t\t\t\t<\/div>\n\t\t\t\t<\/div>\n\t\t\t\t\t<\/div>\n\t\t<\/div>\n\t\t\t\t\t<\/div>\n\t\t<\/section>\n\t\t\t\t<section class=\"elementor-section elementor-top-section elementor-element elementor-element-b35c675 elementor-section-boxed elementor-section-height-default elementor-section-height-default\" data-id=\"b35c675\" data-element_type=\"section\" data-e-type=\"section\">\n\t\t\t\t\t\t<div class=\"elementor-container elementor-column-gap-default\">\n\t\t\t\t\t<div class=\"elementor-column elementor-col-100 elementor-top-column elementor-element elementor-element-9d6dfb9\" data-id=\"9d6dfb9\" data-element_type=\"column\" data-e-type=\"column\">\n\t\t\t<div class=\"elementor-widget-wrap elementor-element-populated\">\n\t\t\t\t\t\t<div class=\"elementor-element elementor-element-f3530fb elementor-align-center elementor-widget elementor-widget-button\" data-id=\"f3530fb\" data-element_type=\"widget\" data-e-type=\"widget\" data-widget_type=\"button.default\">\n\t\t\t\t<div class=\"elementor-widget-container\">\n\t\t\t\t\t\t\t\t\t<div class=\"elementor-button-wrapper\">\n\t\t\t\t\t<a class=\"elementor-button elementor-button-link elementor-size-xs\" href=\"https:\/\/www.translationembassy.com\/de\/dolmetscherprojekte\/\">\n\t\t\t\t\t\t<span class=\"elementor-button-content-wrapper\">\n\t\t\t\t\t\t<span class=\"elementor-button-icon\">\n\t\t\t\t<i aria-hidden=\"true\" class=\"fas fa-backward\"><\/i>\t\t\t<\/span>\n\t\t\t\t\t\t\t\t\t<span class=\"elementor-button-text\">ZUR\u00dcCK ZUR SEITE \u201eDOLMETSCHERPROJEKTE\u201c<\/span>\n\t\t\t\t\t<\/span>\n\t\t\t\t\t<\/a>\n\t\t\t\t<\/div>\n\t\t\t\t\t\t\t\t<\/div>\n\t\t\t\t<\/div>\n\t\t\t\t\t<\/div>\n\t\t<\/div>\n\t\t\t\t\t<\/div>\n\t\t<\/section>\n\t\t\t\t<\/div>\n\t\t","protected":false},"excerpt":{"rendered":"<p>Dolmetschen beim zweit\u00e4gigen Treffen der solidarischen Schulen &#8211; 16. und 17. Juni 2018 PR\u00c4SENTATIONSRAHMEN Solidarische Schulen sind alternative Bildungseinrichtungen, die darauf abzielen, eine demokratischere und einvernehmlichere Erziehungsart auf der Grundlage von Solidarit\u00e4t und Selbstorganisation zu f\u00f6rdern. Solidarische Schulen sind kein Ersatz f\u00fcr das \u00f6ffentliche Bildungssystem. Im Gegenteil unterst\u00fctzen sie die \u00f6ffentliche Schule, indem sie helfen, [&hellip;]<\/p>\n","protected":false},"author":5,"featured_media":0,"parent":0,"menu_order":103,"comment_status":"closed","ping_status":"closed","template":"elementor_header_footer","meta":{"site-sidebar-layout":"default","site-content-layout":"default","ast-site-content-layout":"default","site-content-style":"default","site-sidebar-style":"default","ast-global-header-display":"","ast-banner-title-visibility":"","ast-main-header-display":"","ast-hfb-above-header-display":"","ast-hfb-below-header-display":"","ast-hfb-mobile-header-display":"","site-post-title":"","ast-breadcrumbs-content":"","ast-featured-img":"","footer-sml-layout":"","ast-disable-related-posts":"","theme-transparent-header-meta":"default","adv-header-id-meta":"","stick-header-meta":"","header-above-stick-meta":"","header-main-stick-meta":"","header-below-stick-meta":"","astra-migrate-meta-layouts":"default","ast-page-background-enabled":"default","ast-page-background-meta":{"desktop":{"background-color":"","background-image":"","background-repeat":"repeat","background-position":"center center","background-size":"auto","background-attachment":"scroll","background-type":"","background-media":"","overlay-type":"","overlay-color":"","overlay-opacity":"","overlay-gradient":""},"tablet":{"background-color":"","background-image":"","background-repeat":"repeat","background-position":"center center","background-size":"auto","background-attachment":"scroll","background-type":"","background-media":"","overlay-type":"","overlay-color":"","overlay-opacity":"","overlay-gradient":""},"mobile":{"background-color":"","background-image":"","background-repeat":"repeat","background-position":"center center","background-size":"auto","background-attachment":"scroll","background-type":"","background-media":"","overlay-type":"","overlay-color":"","overlay-opacity":"","overlay-gradient":""}},"ast-content-background-meta":{"desktop":{"background-color":"var(--ast-global-color-5)","background-image":"","background-repeat":"repeat","background-position":"center center","background-size":"auto","background-attachment":"scroll","background-type":"","background-media":"","overlay-type":"","overlay-color":"","overlay-opacity":"","overlay-gradient":""},"tablet":{"background-color":"var(--ast-global-color-5)","background-image":"","background-repeat":"repeat","background-position":"center center","background-size":"auto","background-attachment":"scroll","background-type":"","background-media":"","overlay-type":"","overlay-color":"","overlay-opacity":"","overlay-gradient":""},"mobile":{"background-color":"var(--ast-global-color-5)","background-image":"","background-repeat":"repeat","background-position":"center center","background-size":"auto","background-attachment":"scroll","background-type":"","background-media":"","overlay-type":"","overlay-color":"","overlay-opacity":"","overlay-gradient":""}},"footnotes":""},"class_list":["post-6423","page","type-page","status-publish","hentry"],"_links":{"self":[{"href":"https:\/\/www.translationembassy.com\/de\/wp-json\/wp\/v2\/pages\/6423","targetHints":{"allow":["GET"]}}],"collection":[{"href":"https:\/\/www.translationembassy.com\/de\/wp-json\/wp\/v2\/pages"}],"about":[{"href":"https:\/\/www.translationembassy.com\/de\/wp-json\/wp\/v2\/types\/page"}],"author":[{"embeddable":true,"href":"https:\/\/www.translationembassy.com\/de\/wp-json\/wp\/v2\/users\/5"}],"replies":[{"embeddable":true,"href":"https:\/\/www.translationembassy.com\/de\/wp-json\/wp\/v2\/comments?post=6423"}],"version-history":[{"count":16,"href":"https:\/\/www.translationembassy.com\/de\/wp-json\/wp\/v2\/pages\/6423\/revisions"}],"predecessor-version":[{"id":7228,"href":"https:\/\/www.translationembassy.com\/de\/wp-json\/wp\/v2\/pages\/6423\/revisions\/7228"}],"wp:attachment":[{"href":"https:\/\/www.translationembassy.com\/de\/wp-json\/wp\/v2\/media?parent=6423"}],"curies":[{"name":"wp","href":"https:\/\/api.w.org\/{rel}","templated":true}]}}