{"id":6908,"date":"2023-05-11T07:26:09","date_gmt":"2023-05-11T07:26:09","guid":{"rendered":"https:\/\/www.translationembassy.com\/?page_id=6908"},"modified":"2025-05-19T14:06:24","modified_gmt":"2025-05-19T14:06:24","slug":"blog","status":"publish","type":"page","link":"https:\/\/www.translationembassy.com\/de\/blog\/","title":{"rendered":"BLOG"},"content":{"rendered":"\t\t<div data-elementor-type=\"wp-post\" data-elementor-id=\"6908\" class=\"elementor elementor-6908 elementor-38\" data-elementor-post-type=\"page\">\n\t\t\t\t\t\t<section class=\"elementor-section elementor-top-section elementor-element elementor-element-0774628 elementor-section-content-middle elementor-section-boxed elementor-section-height-default elementor-section-height-default\" data-id=\"0774628\" data-element_type=\"section\" data-e-type=\"section\" data-settings=\"{&quot;background_background&quot;:&quot;classic&quot;}\">\n\t\t\t\t\t\t\t<div class=\"elementor-background-overlay\"><\/div>\n\t\t\t\t\t\t\t<div class=\"elementor-container elementor-column-gap-no\">\n\t\t\t\t\t<div class=\"elementor-column elementor-col-100 elementor-top-column elementor-element elementor-element-ecc15bd\" data-id=\"ecc15bd\" data-element_type=\"column\" data-e-type=\"column\">\n\t\t\t<div class=\"elementor-widget-wrap elementor-element-populated\">\n\t\t\t\t\t\t<div class=\"elementor-element elementor-element-148855f elementor-widget elementor-widget-heading\" data-id=\"148855f\" data-element_type=\"widget\" data-e-type=\"widget\" data-widget_type=\"heading.default\">\n\t\t\t\t<div class=\"elementor-widget-container\">\n\t\t\t\t\t<h2 class=\"elementor-heading-title elementor-size-default\">Blog<\/h2>\t\t\t\t<\/div>\n\t\t\t\t<\/div>\n\t\t\t\t<div class=\"elementor-element elementor-element-5a125d4 elementor-widget-divider--view-line elementor-widget elementor-widget-divider\" data-id=\"5a125d4\" data-element_type=\"widget\" data-e-type=\"widget\" data-widget_type=\"divider.default\">\n\t\t\t\t<div class=\"elementor-widget-container\">\n\t\t\t\t\t\t\t<div class=\"elementor-divider\">\n\t\t\t<span class=\"elementor-divider-separator\">\n\t\t\t\t\t\t<\/span>\n\t\t<\/div>\n\t\t\t\t\t\t<\/div>\n\t\t\t\t<\/div>\n\t\t\t\t\t<\/div>\n\t\t<\/div>\n\t\t\t\t\t<\/div>\n\t\t<\/section>\n\t\t\t\t<section class=\"elementor-section elementor-top-section elementor-element elementor-element-1762313 elementor-section-boxed elementor-section-height-default elementor-section-height-default\" data-id=\"1762313\" data-element_type=\"section\" data-e-type=\"section\">\n\t\t\t\t\t\t<div class=\"elementor-container elementor-column-gap-default\">\n\t\t\t\t\t<div class=\"elementor-column elementor-col-100 elementor-top-column elementor-element elementor-element-10176c0\" data-id=\"10176c0\" data-element_type=\"column\" data-e-type=\"column\">\n\t\t\t<div class=\"elementor-widget-wrap elementor-element-populated\">\n\t\t\t\t\t\t<div class=\"elementor-element elementor-element-ad27735 elementor-widget elementor-widget-uael-posts\" data-id=\"ad27735\" data-element_type=\"widget\" data-e-type=\"widget\" data-settings=\"{&quot;card_slides_to_show&quot;:2,&quot;card_show_filters&quot;:&quot;yes&quot;,&quot;card_slides_to_show_tablet&quot;:2,&quot;card_slides_to_show_mobile&quot;:1}\" data-widget_type=\"uael-posts.card\">\n\t\t\t\t<div class=\"elementor-widget-container\">\n\t\t\t\t\t\t\t<div class=\"uael-post__header\">\n\t\t\t\t\t<div class=\"uael-post__header-filters-wrap uael-posts-tabs-dropdown\">\n\t\t\t<ul class=\"uael-post__header-filters\" aria-label=\"Taxonomie-Filter\">\n\t\t\t\t<li class=\"uael-post__header-filter uael-filter__current\" data-filter=\"*\">ALLE KATEGORIEN<\/li>\n\t\t\t\t\t\t\t\t<li class=\"uael-post__header-filter\" data-filter=\".offizielle-uebersetzungen\" tabindex=\"0\">Offizielle \u00dcbersetzungen<\/li>\n\t\t\t\t\t\t\t\t<li class=\"uael-post__header-filter\" data-filter=\".marketing-uebersetzungen\" tabindex=\"0\">Marketing-\u00dcbersetzungen<\/li>\n\t\t\t\t\t\t\t<\/ul>\n\n\t\t\t\t\t\t\t<div class=\"uael-filters-dropdown\">\n\t\t\t\t\t<div class=\"uael-filters-dropdown-button\">ALLE KATEGORIEN<i class=\"fa fa-angle-down\"><\/i><\/div>\n\n\t\t\t\t\t<ul class=\"uael-filters-dropdown-list uael-post__header-filters\">\n\t\t\t\t\t\t<li class=\"uael-filters-dropdown-item uael-post__header-filter uael-filter__current\" data-filter=\"*\">ALLE KATEGORIEN<\/li>\n\t\t\t\t\t\t\t\t\t\t\t\t<li class=\"uael-filters-dropdown-item uael-post__header-filter\" data-filter=\".offizielle-uebersetzungen\">Offizielle \u00dcbersetzungen<\/li>\n\t\t\t\t\t\t\t\t\t\t\t\t<li class=\"uael-filters-dropdown-item uael-post__header-filter\" data-filter=\".marketing-uebersetzungen\">Marketing-\u00dcbersetzungen<\/li>\n\t\t\t\t\t\t\t\t\t\t\t<\/ul>\n\t\t\t\t<\/div>\n\t\t\t\t\t<\/div>\n\t\t\t\t<\/div>\n\t\t<div class=\"uael-post__body\">\n\t\t\t\n\t\t\n\t\t<div class=\"uael-post-grid uael-posts\" data-query-type=\"custom\" data-structure=\"masonry\" data-layout=\"masonry\" data-page=\"6908\" data-skin=\"card\" data-filter-default=\"ALLE KATEGORIEN\" data-offset-top=\"30\" >\n\n\t\t\t\t\t\t\t<div class=\"uael-post-grid__inner uael-post__columns-2 uael-post__columns-tablet-2 uael-post__columns-mobile-1 uael-post-masonry uael-post-infinite-scroll uael-post-infinite__event-scroll\">\n\t\t\t\n<div class=\"uael-post-wrapper marketing-uebersetzungen  marketing-\u00dcbersetzungen \">\n\t<div class=\"uael-post__bg-wrap\">\n\n\t\t\t\t\n\t\t<div class=\"uael-post__inner-wrap \">\n\n\t\t\t\t<div class=\"uael-post__thumbnail\">\n\t\t\t\t\t\t\t<img fetchpriority=\"high\" decoding=\"async\" width=\"1080\" height=\"1080\" src=\"https:\/\/www.translationembassy.com\/wp-content\/uploads\/2023\/06\/yeni.png\" class=\"attachment-full size-full wp-image-7410\" alt=\"\" srcset=\"https:\/\/www.translationembassy.com\/wp-content\/uploads\/2023\/06\/yeni.png 1080w, https:\/\/www.translationembassy.com\/wp-content\/uploads\/2023\/06\/yeni-300x300.png 300w, https:\/\/www.translationembassy.com\/wp-content\/uploads\/2023\/06\/yeni-1024x1024.png 1024w, https:\/\/www.translationembassy.com\/wp-content\/uploads\/2023\/06\/yeni-150x150.png 150w, https:\/\/www.translationembassy.com\/wp-content\/uploads\/2023\/06\/yeni-768x768.png 768w\" sizes=\"(max-width: 1080px) 100vw, 1080px\" \/>\t\t\t\t\t\t<\/div>\n\t\t\n\t\t\t\n\t\t\t<div class=\"uael-post__content-wrap\">\n\n\t\t\t\t\t<h2 class=\"uael-post__title\">\n\n\t\t\n\t\t\t\t\t\t<a href=\"https:\/\/www.translationembassy.com\/de\/zeit-sparen-und-die-muesame-eingabe-von-uebersetzungen-auf-websites-vermeiden\/\" target=\"_self\">\n\t\t\t\tWie Sie Zeit sparen und die m\u00fchsame Eingabe von \u00dcbersetzungen auf Websites vermeiden k\u00f6nnen\t\t\t<\/a>\n\n\t\t\t\t<\/h2>\n\t\t\t\t\t<div class=\"uael-post__meta-data\">\n\t\t\t\t\t<span class=\"uael-post__date\">\n\t\t\t\t\t\t\t\t\t\t\t\t\t<i aria-hidden=\"true\" class=\"fa fa-calendar\"><\/i>\t\t\t\t\t\t\t\t\t\n\t\t\t26. Juni 2023\t\t<\/span>\n\t\t<span class=\"uael-post__terms-meta uael-post__terms-meta-tag\"><i aria-hidden=\"true\" class=\"fas fa-hashtag\"><\/i> <span class=\"uael-listing__terms-link\">zeitsparen<\/span> <span class=\"uael-listing__terms-link\">webseite<\/span> <span class=\"uael-listing__terms-link\">webentwickler<\/span><\/span>\t\t<\/div>\n\t\t<div class=\"uael-post__separator\"><\/div>\t\t\t<a class=\"uael-post__read-more elementor-button\" href=\"https:\/\/www.translationembassy.com\/de\/zeit-sparen-und-die-muesame-eingabe-von-uebersetzungen-auf-websites-vermeiden\/\" target=\"_self\" aria-labelledby=\"uael-post-7375\">\n\t\t\t\t\t<span class=\"elementor-button-content-wrapper\">\n\t\t\t\t\t\t\t\t\t\t\t\t\t\t<span class=\"elementor-button-icon elementor-align-icon-left\">\n\n\t\t\t\t\t\t\t\t\t<i aria-hidden=\"true\" class=\"far fa-eye\"><\/i>\n\t\t\t\t\t\t\t\t<\/span>\n\t\t\t\t\t\t\t\t\t\t\t\t\t\n\t\t\t\t\t\t<span class=\"elementor-button-text\" id=uael-post-7375>Mehr lesen \u2192<\/span>\n\t\t\t\t\t<\/span>\n\t\t\t\t<\/a>\n\t\t\t\t\t\t<\/div>\n\t\t\t\n\t\t<\/div>\n\t\t\n\t<\/div>\n\n<\/div>\n\n<div class=\"uael-post-wrapper offizielle-uebersetzungen  offizielle-\u00dcbersetzungen \">\n\t<div class=\"uael-post__bg-wrap\">\n\n\t\t\t\t\n\t\t<div class=\"uael-post__inner-wrap \">\n\n\t\t\t\t<div class=\"uael-post__thumbnail\">\n\t\t\t\t\t\t\t<img decoding=\"async\" width=\"1080\" height=\"1080\" src=\"https:\/\/www.translationembassy.com\/wp-content\/uploads\/2021\/04\/4-e1617535367237.png\" class=\"attachment-full size-full wp-image-4336\" alt=\"\" \/>\t\t\t\t\t\t<\/div>\n\t\t\n\t\t\t\n\t\t\t<div class=\"uael-post__content-wrap\">\n\n\t\t\t\t\t<h2 class=\"uael-post__title\">\n\n\t\t\n\t\t\t\t\t\t<a href=\"https:\/\/www.translationembassy.com\/de\/leitfaden-offizielle-uebersetzungen\/\" target=\"_self\">\n\t\t\t\tLeitfaden f\u00fcr offizielle (beglaubigte) \u00dcbersetzungen\t\t\t<\/a>\n\n\t\t\t\t<\/h2>\n\t\t\t\t\t<div class=\"uael-post__meta-data\">\n\t\t\t\t\t<span class=\"uael-post__date\">\n\t\t\t\t\t\t\t\t\t\t\t\t\t<i aria-hidden=\"true\" class=\"fa fa-calendar\"><\/i>\t\t\t\t\t\t\t\t\t\n\t\t\t10. Mai 2023\t\t<\/span>\n\t\t<span class=\"uael-post__terms-meta uael-post__terms-meta-tag\"><i aria-hidden=\"true\" class=\"fas fa-hashtag\"><\/i> <span class=\"uael-listing__terms-link\">offizielle \u00dcbersetzungen<\/span><\/span>\t\t<\/div>\n\t\t<div class=\"uael-post__separator\"><\/div>\t\t\t<a class=\"uael-post__read-more elementor-button\" href=\"https:\/\/www.translationembassy.com\/de\/leitfaden-offizielle-uebersetzungen\/\" target=\"_self\" aria-labelledby=\"uael-post-5989\">\n\t\t\t\t\t<span class=\"elementor-button-content-wrapper\">\n\t\t\t\t\t\t\t\t\t\t\t\t\t\t<span class=\"elementor-button-icon elementor-align-icon-left\">\n\n\t\t\t\t\t\t\t\t\t<i aria-hidden=\"true\" class=\"far fa-eye\"><\/i>\n\t\t\t\t\t\t\t\t<\/span>\n\t\t\t\t\t\t\t\t\t\t\t\t\t\n\t\t\t\t\t\t<span class=\"elementor-button-text\" id=uael-post-5989>Mehr lesen \u2192<\/span>\n\t\t\t\t\t<\/span>\n\t\t\t\t<\/a>\n\t\t\t\t\t\t<\/div>\n\t\t\t\n\t\t<\/div>\n\t\t\n\t<\/div>\n\n<\/div>\n\t\t\t\t<\/div>\n\t\t\t\t\t\t<div class=\"uael-post-inf-loader\">\n\t\t\t\t<div class=\"uael-post-loader-1\"><\/div>\n\t\t\t\t<div class=\"uael-post-loader-2\"><\/div>\n\t\t\t\t<div class=\"uael-post-loader-3\"><\/div>\n\t\t\t<\/div>\n\t\t\t\t\t\t\n\t\t<\/div>\n\n\t\t\t\t\t\t<\/div>\n\t\t<div class=\"uael-post__footer\">\n\t\t\t\t\t<\/div>\n\t\t\t\t\t\t<\/div>\n\t\t\t\t<\/div>\n\t\t\t\t\t<\/div>\n\t\t<\/div>\n\t\t\t\t\t<\/div>\n\t\t<\/section>\n\t\t\t\t<\/div>\n\t\t","protected":false},"excerpt":{"rendered":"<p>Blog ALLE KATEGORIEN Offizielle \u00dcbersetzungen Marketing-\u00dcbersetzungen ALLE KATEGORIEN ALLE KATEGORIEN Offizielle \u00dcbersetzungen Marketing-\u00dcbersetzungen Wie Sie Zeit sparen und die m\u00fchsame Eingabe von \u00dcbersetzungen auf Websites vermeiden k\u00f6nnen June 26, 2023 zeitsparen webseite webentwickler Mehr lesen \u2192 Leitfaden f\u00fcr offizielle (beglaubigte) \u00dcbersetzungen May 10, 2023 offizielle \u00dcbersetzungen Mehr lesen \u2192<\/p>\n","protected":false},"author":1,"featured_media":0,"parent":0,"menu_order":166,"comment_status":"closed","ping_status":"closed","template":"","meta":{"site-sidebar-layout":"no-sidebar","site-content-layout":"page-builder","ast-site-content-layout":"default","site-content-style":"default","site-sidebar-style":"default","ast-global-header-display":"","ast-banner-title-visibility":"","ast-main-header-display":"","ast-hfb-above-header-display":"","ast-hfb-below-header-display":"","ast-hfb-mobile-header-display":"","site-post-title":"disabled","ast-breadcrumbs-content":"","ast-featured-img":"disabled","footer-sml-layout":"","ast-disable-related-posts":"","theme-transparent-header-meta":"default","adv-header-id-meta":"","stick-header-meta":"","header-above-stick-meta":"","header-main-stick-meta":"","header-below-stick-meta":"","astra-migrate-meta-layouts":"default","ast-page-background-enabled":"default","ast-page-background-meta":{"desktop":{"background-color":"","background-image":"","background-repeat":"repeat","background-position":"center center","background-size":"auto","background-attachment":"scroll","background-type":"","background-media":"","overlay-type":"","overlay-color":"","overlay-opacity":"","overlay-gradient":""},"tablet":{"background-color":"","background-image":"","background-repeat":"repeat","background-position":"center center","background-size":"auto","background-attachment":"scroll","background-type":"","background-media":"","overlay-type":"","overlay-color":"","overlay-opacity":"","overlay-gradient":""},"mobile":{"background-color":"","background-image":"","background-repeat":"repeat","background-position":"center center","background-size":"auto","background-attachment":"scroll","background-type":"","background-media":"","overlay-type":"","overlay-color":"","overlay-opacity":"","overlay-gradient":""}},"ast-content-background-meta":{"desktop":{"background-color":"var(--ast-global-color-5)","background-image":"","background-repeat":"repeat","background-position":"center center","background-size":"auto","background-attachment":"scroll","background-type":"","background-media":"","overlay-type":"","overlay-color":"","overlay-opacity":"","overlay-gradient":""},"tablet":{"background-color":"var(--ast-global-color-5)","background-image":"","background-repeat":"repeat","background-position":"center center","background-size":"auto","background-attachment":"scroll","background-type":"","background-media":"","overlay-type":"","overlay-color":"","overlay-opacity":"","overlay-gradient":""},"mobile":{"background-color":"var(--ast-global-color-5)","background-image":"","background-repeat":"repeat","background-position":"center center","background-size":"auto","background-attachment":"scroll","background-type":"","background-media":"","overlay-type":"","overlay-color":"","overlay-opacity":"","overlay-gradient":""}},"footnotes":""},"class_list":["post-6908","page","type-page","status-publish","hentry"],"_links":{"self":[{"href":"https:\/\/www.translationembassy.com\/de\/wp-json\/wp\/v2\/pages\/6908","targetHints":{"allow":["GET"]}}],"collection":[{"href":"https:\/\/www.translationembassy.com\/de\/wp-json\/wp\/v2\/pages"}],"about":[{"href":"https:\/\/www.translationembassy.com\/de\/wp-json\/wp\/v2\/types\/page"}],"author":[{"embeddable":true,"href":"https:\/\/www.translationembassy.com\/de\/wp-json\/wp\/v2\/users\/1"}],"replies":[{"embeddable":true,"href":"https:\/\/www.translationembassy.com\/de\/wp-json\/wp\/v2\/comments?post=6908"}],"version-history":[{"count":29,"href":"https:\/\/www.translationembassy.com\/de\/wp-json\/wp\/v2\/pages\/6908\/revisions"}],"predecessor-version":[{"id":7963,"href":"https:\/\/www.translationembassy.com\/de\/wp-json\/wp\/v2\/pages\/6908\/revisions\/7963"}],"wp:attachment":[{"href":"https:\/\/www.translationembassy.com\/de\/wp-json\/wp\/v2\/media?parent=6908"}],"curies":[{"name":"wp","href":"https:\/\/api.w.org\/{rel}","templated":true}]}}