{"id":6943,"date":"2023-05-11T11:18:37","date_gmt":"2023-05-11T11:18:37","guid":{"rendered":"https:\/\/www.translationembassy.com\/?page_id=6943"},"modified":"2023-05-31T10:18:08","modified_gmt":"2023-05-31T10:18:08","slug":"angebotsformular-fuer-uebersetzung","status":"publish","type":"page","link":"https:\/\/www.translationembassy.com\/de\/angebotsformular-fuer-uebersetzung\/","title":{"rendered":"Formular f\u00fcr ein \u00dcbersetzungsangebot"},"content":{"rendered":"\t\t<div data-elementor-type=\"wp-page\" data-elementor-id=\"6943\" class=\"elementor elementor-6943 elementor-5060\" data-elementor-post-type=\"page\">\n\t\t\t\t\t\t<section class=\"elementor-section elementor-top-section elementor-element elementor-element-6970acbc elementor-section-content-middle elementor-section-boxed elementor-section-height-default elementor-section-height-default\" data-id=\"6970acbc\" data-element_type=\"section\" data-e-type=\"section\">\n\t\t\t\t\t\t<div class=\"elementor-container elementor-column-gap-no\">\n\t\t\t\t\t<div class=\"elementor-column elementor-col-100 elementor-top-column elementor-element elementor-element-174daec2\" data-id=\"174daec2\" data-element_type=\"column\" data-e-type=\"column\">\n\t\t\t<div class=\"elementor-widget-wrap elementor-element-populated\">\n\t\t\t\t\t\t<div class=\"elementor-element elementor-element-181aba4d elementor-widget elementor-widget-heading\" data-id=\"181aba4d\" data-element_type=\"widget\" data-e-type=\"widget\" data-widget_type=\"heading.default\">\n\t\t\t\t<div class=\"elementor-widget-container\">\n\t\t\t\t\t<div class=\"elementor-heading-title elementor-size-default\">F\u00fcllen Sie das Formular aus<\/br> <span>und Sie erhalten ein Angebot <\/span><\/div>\t\t\t\t<\/div>\n\t\t\t\t<\/div>\n\t\t\t\t<div class=\"elementor-element elementor-element-253622bd elementor-mobile-button-align-center elementor-button-align-stretch elementor-widget elementor-widget-form\" data-id=\"253622bd\" data-element_type=\"widget\" data-e-type=\"widget\" data-settings=\"{&quot;step_next_label&quot;:&quot;WEITER&quot;,&quot;step_previous_label&quot;:&quot;ZUR\\u00dcCK&quot;,&quot;step_type&quot;:&quot;icon_text&quot;,&quot;step_icon_shape&quot;:&quot;square&quot;,&quot;button_width&quot;:&quot;100&quot;}\" data-widget_type=\"form.default\">\n\t\t\t\t<div class=\"elementor-widget-container\">\n\t\t\t\t\t\t\t<form class=\"elementor-form\" method=\"post\" id=\"translationmultistepform\" name=\"\u03a6\u03cc\u03c1\u03bc\u03b1 \u03a0\u03c1\u03bf\u03c3\u03c6\u03bf\u03c1\u03ac\u03c2 \u03b3\u03b9\u03b1 \u039c\u03b5\u03c4\u03ac\u03c6\u03c1\u03b1\u03c3\u03b7 (GR)\" aria-label=\"\u03a6\u03cc\u03c1\u03bc\u03b1 \u03a0\u03c1\u03bf\u03c3\u03c6\u03bf\u03c1\u03ac\u03c2 \u03b3\u03b9\u03b1 \u039c\u03b5\u03c4\u03ac\u03c6\u03c1\u03b1\u03c3\u03b7 (GR)\">\n\t\t\t<input type=\"hidden\" name=\"post_id\" value=\"6943\"\/>\n\t\t\t<input type=\"hidden\" name=\"form_id\" value=\"253622bd\"\/>\n\t\t\t<input type=\"hidden\" name=\"referer_title\" value=\"Formular f\u00fcr ein \u00dcbersetzungsangebot\" \/>\n\n\t\t\t\t\t\t\t<input type=\"hidden\" name=\"queried_id\" value=\"6943\"\/>\n\t\t\t\n\t\t\t<div class=\"elementor-form-fields-wrapper elementor-labels-above\">\n\t\t\t\t\t\t\t\t<div class=\"elementor-field-type-step elementor-field-group elementor-column elementor-field-group-field_52f7ea4 elementor-col-100\">\n\t\t\t\t\t\t\t<div class=\"e-field-step elementor-hidden\" data-label=\"Sprachauswahl\" data-previousButton=\"ZUR\u00dcCK\" data-nextButton=\"WEITER\" data-iconUrl=\"\" data-iconLibrary=\"fas fa-language\" data-icon=\"\" ><\/div>\n\n\t\t\t\t\t\t<\/div>\n\t\t\t\t\t\t\t\t<div class=\"elementor-field-type-radio elementor-field-group elementor-column elementor-field-group-field_8835b6a elementor-col-50 elementor-field-required\">\n\t\t\t\t\t\t\t\t\t\t\t\t<label for=\"form-field-field_8835b6a\" class=\"elementor-field-label\">\n\t\t\t\t\t\t\t\tVON\t\t\t\t\t\t\t<\/label>\n\t\t\t\t\t\t<div class=\"elementor-field-subgroup  \"><span class=\"elementor-field-option\"><input type=\"radio\" value=\"Griechisch\" id=\"form-field-field_8835b6a-0\" name=\"form_fields[field_8835b6a]\" required=\"required\"> <label for=\"form-field-field_8835b6a-0\">Griechisch<\/label><\/span><span class=\"elementor-field-option\"><input type=\"radio\" value=\"Englisch\" id=\"form-field-field_8835b6a-1\" name=\"form_fields[field_8835b6a]\" required=\"required\"> <label for=\"form-field-field_8835b6a-1\">Englisch<\/label><\/span><span class=\"elementor-field-option\"><input type=\"radio\" value=\"T\u00fcrkisch\" id=\"form-field-field_8835b6a-2\" name=\"form_fields[field_8835b6a]\" required=\"required\"> <label for=\"form-field-field_8835b6a-2\">T\u00fcrkisch<\/label><\/span><span class=\"elementor-field-option\"><input type=\"radio\" value=\"Deutsch\" id=\"form-field-field_8835b6a-3\" name=\"form_fields[field_8835b6a]\" required=\"required\"> <label for=\"form-field-field_8835b6a-3\">Deutsch<\/label><\/span><span class=\"elementor-field-option\"><input type=\"radio\" value=\"Franz\u00f6sisch\" id=\"form-field-field_8835b6a-4\" name=\"form_fields[field_8835b6a]\" required=\"required\"> <label for=\"form-field-field_8835b6a-4\">Franz\u00f6sisch<\/label><\/span><span class=\"elementor-field-option\"><input type=\"radio\" value=\"Italienisch\" id=\"form-field-field_8835b6a-5\" name=\"form_fields[field_8835b6a]\" required=\"required\"> <label for=\"form-field-field_8835b6a-5\">Italienisch<\/label><\/span><span class=\"elementor-field-option\"><input type=\"radio\" value=\"Spanisch\" id=\"form-field-field_8835b6a-6\" name=\"form_fields[field_8835b6a]\" required=\"required\"> <label for=\"form-field-field_8835b6a-6\">Spanisch<\/label><\/span><span class=\"elementor-field-option\"><input type=\"radio\" value=\"Portugiesisch\" id=\"form-field-field_8835b6a-7\" name=\"form_fields[field_8835b6a]\" required=\"required\"> <label for=\"form-field-field_8835b6a-7\">Portugiesisch<\/label><\/span><span class=\"elementor-field-option\"><input type=\"radio\" value=\"Niederl\u00e4ndisch\" id=\"form-field-field_8835b6a-8\" name=\"form_fields[field_8835b6a]\" required=\"required\"> <label for=\"form-field-field_8835b6a-8\">Niederl\u00e4ndisch<\/label><\/span><span class=\"elementor-field-option\"><input type=\"radio\" value=\"Schwedisch\" id=\"form-field-field_8835b6a-9\" name=\"form_fields[field_8835b6a]\" required=\"required\"> <label for=\"form-field-field_8835b6a-9\">Schwedisch<\/label><\/span><span class=\"elementor-field-option\"><input type=\"radio\" value=\"Norwegisch\" id=\"form-field-field_8835b6a-10\" name=\"form_fields[field_8835b6a]\" required=\"required\"> <label for=\"form-field-field_8835b6a-10\">Norwegisch<\/label><\/span><span class=\"elementor-field-option\"><input type=\"radio\" value=\"Tschechisch\" id=\"form-field-field_8835b6a-11\" name=\"form_fields[field_8835b6a]\" required=\"required\"> <label for=\"form-field-field_8835b6a-11\">Tschechisch<\/label><\/span><span class=\"elementor-field-option\"><input type=\"radio\" value=\"Bulgarisch\" id=\"form-field-field_8835b6a-12\" name=\"form_fields[field_8835b6a]\" required=\"required\"> <label for=\"form-field-field_8835b6a-12\">Bulgarisch<\/label><\/span><span class=\"elementor-field-option\"><input type=\"radio\" value=\"Rum\u00e4nisch\" id=\"form-field-field_8835b6a-13\" name=\"form_fields[field_8835b6a]\" required=\"required\"> <label for=\"form-field-field_8835b6a-13\">Rum\u00e4nisch<\/label><\/span><span class=\"elementor-field-option\"><input type=\"radio\" value=\"Russisch\" id=\"form-field-field_8835b6a-14\" name=\"form_fields[field_8835b6a]\" required=\"required\"> <label for=\"form-field-field_8835b6a-14\">Russisch<\/label><\/span><span class=\"elementor-field-option\"><input type=\"radio\" value=\"Ukrainisch\" id=\"form-field-field_8835b6a-15\" name=\"form_fields[field_8835b6a]\" required=\"required\"> <label for=\"form-field-field_8835b6a-15\">Ukrainisch<\/label><\/span><span class=\"elementor-field-option\"><input type=\"radio\" value=\"Arabisch\" id=\"form-field-field_8835b6a-16\" name=\"form_fields[field_8835b6a]\" required=\"required\"> <label for=\"form-field-field_8835b6a-16\">Arabisch<\/label><\/span><span class=\"elementor-field-option\"><input type=\"radio\" value=\"Chinesisch\" id=\"form-field-field_8835b6a-17\" name=\"form_fields[field_8835b6a]\" required=\"required\"> <label for=\"form-field-field_8835b6a-17\">Chinesisch<\/label><\/span><\/div>\t\t\t\t<\/div>\n\t\t\t\t\t\t\t\t<div class=\"elementor-field-type-radio elementor-field-group elementor-column elementor-field-group-field_37713ce elementor-col-50 elementor-field-required\">\n\t\t\t\t\t\t\t\t\t\t\t\t<label for=\"form-field-field_37713ce\" class=\"elementor-field-label\">\n\t\t\t\t\t\t\t\tINS\t\t\t\t\t\t\t<\/label>\n\t\t\t\t\t\t<div class=\"elementor-field-subgroup  \"><span class=\"elementor-field-option\"><input type=\"radio\" value=\"Griechisch\" id=\"form-field-field_37713ce-0\" name=\"form_fields[field_37713ce]\" required=\"required\"> <label for=\"form-field-field_37713ce-0\">Griechisch<\/label><\/span><span class=\"elementor-field-option\"><input type=\"radio\" value=\"Englisch\" id=\"form-field-field_37713ce-1\" name=\"form_fields[field_37713ce]\" required=\"required\"> <label for=\"form-field-field_37713ce-1\">Englisch<\/label><\/span><span class=\"elementor-field-option\"><input type=\"radio\" value=\"T\u00fcrkisch\" id=\"form-field-field_37713ce-2\" name=\"form_fields[field_37713ce]\" required=\"required\"> <label for=\"form-field-field_37713ce-2\">T\u00fcrkisch<\/label><\/span><span class=\"elementor-field-option\"><input type=\"radio\" value=\"Deutsch\" id=\"form-field-field_37713ce-3\" name=\"form_fields[field_37713ce]\" required=\"required\"> <label for=\"form-field-field_37713ce-3\">Deutsch<\/label><\/span><span class=\"elementor-field-option\"><input type=\"radio\" value=\"Franz\u00f6sisch\" id=\"form-field-field_37713ce-4\" name=\"form_fields[field_37713ce]\" required=\"required\"> <label for=\"form-field-field_37713ce-4\">Franz\u00f6sisch<\/label><\/span><span class=\"elementor-field-option\"><input type=\"radio\" value=\"Italienisch\" id=\"form-field-field_37713ce-5\" name=\"form_fields[field_37713ce]\" required=\"required\"> <label for=\"form-field-field_37713ce-5\">Italienisch<\/label><\/span><span class=\"elementor-field-option\"><input type=\"radio\" value=\"Spanisch\" id=\"form-field-field_37713ce-6\" name=\"form_fields[field_37713ce]\" required=\"required\"> <label for=\"form-field-field_37713ce-6\">Spanisch<\/label><\/span><span class=\"elementor-field-option\"><input type=\"radio\" value=\"Portugiesisch\" id=\"form-field-field_37713ce-7\" name=\"form_fields[field_37713ce]\" required=\"required\"> <label for=\"form-field-field_37713ce-7\">Portugiesisch<\/label><\/span><span class=\"elementor-field-option\"><input type=\"radio\" value=\"Niederl\u00e4ndisch\" id=\"form-field-field_37713ce-8\" name=\"form_fields[field_37713ce]\" required=\"required\"> <label for=\"form-field-field_37713ce-8\">Niederl\u00e4ndisch<\/label><\/span><span class=\"elementor-field-option\"><input type=\"radio\" value=\"Schwedisch\" id=\"form-field-field_37713ce-9\" name=\"form_fields[field_37713ce]\" required=\"required\"> <label for=\"form-field-field_37713ce-9\">Schwedisch<\/label><\/span><span class=\"elementor-field-option\"><input type=\"radio\" value=\"Norwegisch\" id=\"form-field-field_37713ce-10\" name=\"form_fields[field_37713ce]\" required=\"required\"> <label for=\"form-field-field_37713ce-10\">Norwegisch<\/label><\/span><span class=\"elementor-field-option\"><input type=\"radio\" value=\"Tschechisch\" id=\"form-field-field_37713ce-11\" name=\"form_fields[field_37713ce]\" required=\"required\"> <label for=\"form-field-field_37713ce-11\">Tschechisch<\/label><\/span><span class=\"elementor-field-option\"><input type=\"radio\" value=\"Bulgarisch\" id=\"form-field-field_37713ce-12\" name=\"form_fields[field_37713ce]\" required=\"required\"> <label for=\"form-field-field_37713ce-12\">Bulgarisch<\/label><\/span><span class=\"elementor-field-option\"><input type=\"radio\" value=\"Rum\u00e4nisch\" id=\"form-field-field_37713ce-13\" name=\"form_fields[field_37713ce]\" required=\"required\"> <label for=\"form-field-field_37713ce-13\">Rum\u00e4nisch<\/label><\/span><span class=\"elementor-field-option\"><input type=\"radio\" value=\"Russisch\" id=\"form-field-field_37713ce-14\" name=\"form_fields[field_37713ce]\" required=\"required\"> <label for=\"form-field-field_37713ce-14\">Russisch<\/label><\/span><span class=\"elementor-field-option\"><input type=\"radio\" value=\"Ukrainisch\" id=\"form-field-field_37713ce-15\" name=\"form_fields[field_37713ce]\" required=\"required\"> <label for=\"form-field-field_37713ce-15\">Ukrainisch<\/label><\/span><span class=\"elementor-field-option\"><input type=\"radio\" value=\"Arabisch\" id=\"form-field-field_37713ce-16\" name=\"form_fields[field_37713ce]\" required=\"required\"> <label for=\"form-field-field_37713ce-16\">Arabisch<\/label><\/span><span class=\"elementor-field-option\"><input type=\"radio\" value=\"Chinesisch\" id=\"form-field-field_37713ce-17\" name=\"form_fields[field_37713ce]\" required=\"required\"> <label for=\"form-field-field_37713ce-17\">Chinesisch<\/label><\/span><\/div>\t\t\t\t<\/div>\n\t\t\t\t\t\t\t\t<div class=\"elementor-field-type-step elementor-field-group elementor-column elementor-field-group-field_e387554 elementor-col-100\">\n\t\t\t\t\t\t\t<div class=\"e-field-step elementor-hidden\" data-label=\"ZU \u00dcBERSETZENDEN TEXT ANH\u00c4NGEN\" data-previousButton=\"ZUR\u00dcCK\" data-nextButton=\"WEITER\" data-iconUrl=\"\" data-iconLibrary=\"fas fa-file-upload\" data-icon=\"\" ><\/div>\n\n\t\t\t\t\t\t<\/div>\n\t\t\t\t\t\t\t\t<div class=\"elementor-field-type-upload elementor-field-group elementor-column elementor-field-group-field_08075b6 elementor-col-100 elementor-field-required\">\n\t\t\t\t\t\t\t\t\t\t\t\t<label for=\"form-field-field_08075b6\" class=\"elementor-field-label\">\n\t\t\t\t\t\t\t\tW\u00c4HLEN SIE BIS ZU 5 DATEIEN VON IHREM PC AUS (maximale Gr\u00f6\u00dfe 20Mb |  doc, docx oder pdf) \t\t\t\t\t\t\t<\/label>\n\t\t\t\t\t\t\t\t<input type=\"file\" name=\"form_fields[field_08075b6][]\" id=\"form-field-field_08075b6\" class=\"elementor-field elementor-size-sm  elementor-upload-field\" required=\"required\" multiple=\"multiple\" data-maxsize=\"20\" data-maxsize-message=\"Diese Datei \u00fcbersteigt die maximale Dateigr\u00f6\u00dfe.\">\n\n\t\t\t\t\t\t<\/div>\n\t\t\t\t\t\t\t\t<div class=\"elementor-field-type-acceptance elementor-field-group elementor-column elementor-field-group-field_95a615b elementor-col-100 elementor-field-required\">\n\t\t\t\t\t\t\t\t\t\t\t\t<label for=\"form-field-field_95a615b\" class=\"elementor-field-label\">\n\t\t\t\t\t\t\t\tICH STIMME DER VERARBEITUNG ZU\t\t\t\t\t\t\t<\/label>\n\t\t\t\t\t\t\t\t<div class=\"elementor-field-subgroup\">\n\t\t\t<span class=\"elementor-field-option\">\n\t\t\t\t<input type=\"checkbox\" name=\"form_fields[field_95a615b]\" id=\"form-field-field_95a615b\" class=\"elementor-field elementor-size-sm  elementor-acceptance-field\" required=\"required\">\n\t\t\t\t<label for=\"form-field-field_95a615b\">Die Datei, die Sie zur \u00dcbersetzung angeh\u00e4ngt haben, kann personenbezogene Daten enthalten. Aus diesem Grund ben\u00f6tigen wir Ihre Zustimmung, um eine Kostensch\u00e4tzung und anschlie\u00dfend die \u00dcbersetzung durchf\u00fchren zu k\u00f6nnen.<\/p>\n\nWenn Sie Ihr Dokument \u00fcber dieses Formular absenden, stimmen Sie Folgendem zu:<\/br>\n\n- Ich bin damit einverstanden, dass meine Daten gespeichert werden, damit das Dokument f\u00fcr die Angebotserstellung gepr\u00fcft werden kann.<\/br>\n- Ich stimme der Verarbeitung meiner Daten im Rahmen der Ausf\u00fchrung der \u00dcbersetzung zu.<\/br>\n- Ich stimme zu, dass meine Daten zum Zwecke der Kostensch\u00e4tzung und der Durchf\u00fchrung der Arbeit an den zust\u00e4ndigen \u00dcbersetzer weitergegeben werden.<\/label>\t\t\t<\/span>\n\t\t<\/div>\n\t\t\t\t\t\t<\/div>\n\t\t\t\t\t\t\t\t<div class=\"elementor-field-type-step elementor-field-group elementor-column elementor-field-group-field_d59e527 elementor-col-100\">\n\t\t\t\t\t\t\t<div class=\"e-field-step elementor-hidden\" data-label=\"KONTAKTINFORMATIONEN\" data-previousButton=\"ZUR\u00dcCK\" data-nextButton=\"WEITER\" data-iconUrl=\"\" data-iconLibrary=\"fas fa-user-check\" data-icon=\"\" ><\/div>\n\n\t\t\t\t\t\t<\/div>\n\t\t\t\t\t\t\t\t<div class=\"elementor-field-type-text elementor-field-group elementor-column elementor-field-group-email elementor-col-50 elementor-field-required\">\n\t\t\t\t\t\t\t\t\t\t\t\t<label for=\"form-field-email\" class=\"elementor-field-label\">\n\t\t\t\t\t\t\t\tVorname\t\t\t\t\t\t\t<\/label>\n\t\t\t\t\t\t\t\t\t\t\t\t\t\t<input size=\"1\" type=\"text\" name=\"form_fields[email]\" id=\"form-field-email\" class=\"elementor-field elementor-size-sm  elementor-field-textual\" required=\"required\">\n\t\t\t\t\t\t\t\t\t\t\t<\/div>\n\t\t\t\t\t\t\t\t<div class=\"elementor-field-type-text elementor-field-group elementor-column elementor-field-group-field_acf8f62 elementor-col-50 elementor-field-required\">\n\t\t\t\t\t\t\t\t\t\t\t\t<label for=\"form-field-field_acf8f62\" class=\"elementor-field-label\">\n\t\t\t\t\t\t\t\tNachname\t\t\t\t\t\t\t<\/label>\n\t\t\t\t\t\t\t\t\t\t\t\t\t\t<input size=\"1\" type=\"text\" name=\"form_fields[field_acf8f62]\" id=\"form-field-field_acf8f62\" class=\"elementor-field elementor-size-sm  elementor-field-textual\" required=\"required\">\n\t\t\t\t\t\t\t\t\t\t\t<\/div>\n\t\t\t\t\t\t\t\t<div class=\"elementor-field-type-text elementor-field-group elementor-column elementor-field-group-name elementor-col-50\">\n\t\t\t\t\t\t\t\t\t\t\t\t<label for=\"form-field-name\" class=\"elementor-field-label\">\n\t\t\t\t\t\t\t\tE-Mail-Adresse\t\t\t\t\t\t\t<\/label>\n\t\t\t\t\t\t\t\t\t\t\t\t\t\t<input size=\"1\" type=\"text\" name=\"form_fields[name]\" id=\"form-field-name\" class=\"elementor-field elementor-size-sm  elementor-field-textual\">\n\t\t\t\t\t\t\t\t\t\t\t<\/div>\n\t\t\t\t\t\t\t\t<div class=\"elementor-field-type-number elementor-field-group elementor-column elementor-field-group-field_d1e7cb4 elementor-col-50\">\n\t\t\t\t\t\t\t\t\t\t\t\t<label for=\"form-field-field_d1e7cb4\" class=\"elementor-field-label\">\n\t\t\t\t\t\t\t\tTelefon\t\t\t\t\t\t\t<\/label>\n\t\t\t\t\t\t\t\t\t<input type=\"number\" name=\"form_fields[field_d1e7cb4]\" id=\"form-field-field_d1e7cb4\" class=\"elementor-field elementor-size-sm  elementor-field-textual\" min=\"\" max=\"\" >\n\t\t\t\t\t\t<\/div>\n\t\t\t\t\t\t\t\t<div class=\"elementor-field-type-acceptance elementor-field-group elementor-column elementor-field-group-field_9b503dc elementor-col-100 elementor-field-required\">\n\t\t\t\t\t\t\t<div class=\"elementor-field-subgroup\">\n\t\t\t<span class=\"elementor-field-option\">\n\t\t\t\t<input type=\"checkbox\" name=\"form_fields[field_9b503dc]\" id=\"form-field-field_9b503dc\" class=\"elementor-field elementor-size-sm  elementor-acceptance-field\" required=\"required\" checked=\"checked\">\n\t\t\t\t<label for=\"form-field-field_9b503dc\">Ich habe die <a href=\"https:\/\/www.translationembassy.com\/de\/datenschutzrichtlinie\/\">Nutzungsbedingungen und Datenschutzrichtlinien<\/a> gelesen und ich stimme ihnen zu. Ich bin mit der Speicherung und Verarbeitung meiner \u00fcbermittelten Daten im Rahmen der Beantwortung meiner Anfrage einverstanden.<\/label>\t\t\t<\/span>\n\t\t<\/div>\n\t\t\t\t\t\t<\/div>\n\t\t\t\t\t\t\t\t<div class=\"elementor-field-group elementor-column elementor-field-type-submit elementor-col-100 e-form__buttons\">\n\t\t\t\t\t<button class=\"elementor-button elementor-size-md\" type=\"submit\" id=\"apostolioffer\">\n\t\t\t\t\t\t<span class=\"elementor-button-content-wrapper\">\n\t\t\t\t\t\t\t\t\t\t\t\t\t\t\t\t\t\t\t\t\t\t<span class=\"elementor-button-text\">SENDEN<\/span>\n\t\t\t\t\t\t\t\t\t\t\t\t\t<\/span>\n\t\t\t\t\t<\/button>\n\t\t\t\t<\/div>\n\t\t\t<\/div>\n\t\t<\/form>\n\t\t\t\t\t\t<\/div>\n\t\t\t\t<\/div>\n\t\t\t\t\t<\/div>\n\t\t<\/div>\n\t\t\t\t\t<\/div>\n\t\t<\/section>\n\t\t\t\t<\/div>\n\t\t","protected":false},"excerpt":{"rendered":"<p>F\u00fcllen Sie das Formular aus und Sie erhalten ein Angebot<\/p>\n","protected":false},"author":2,"featured_media":0,"parent":0,"menu_order":11,"comment_status":"closed","ping_status":"closed","template":"","meta":{"site-sidebar-layout":"no-sidebar","site-content-layout":"page-builder","ast-site-content-layout":"default","site-content-style":"default","site-sidebar-style":"default","ast-global-header-display":"","ast-banner-title-visibility":"","ast-main-header-display":"","ast-hfb-above-header-display":"","ast-hfb-below-header-display":"","ast-hfb-mobile-header-display":"","site-post-title":"disabled","ast-breadcrumbs-content":"","ast-featured-img":"disabled","footer-sml-layout":"","ast-disable-related-posts":"","theme-transparent-header-meta":"default","adv-header-id-meta":"","stick-header-meta":"","header-above-stick-meta":"","header-main-stick-meta":"","header-below-stick-meta":"","astra-migrate-meta-layouts":"default","ast-page-background-enabled":"default","ast-page-background-meta":{"desktop":{"background-color":"","background-image":"","background-repeat":"repeat","background-position":"center center","background-size":"auto","background-attachment":"scroll","background-type":"","background-media":"","overlay-type":"","overlay-color":"","overlay-opacity":"","overlay-gradient":""},"tablet":{"background-color":"","background-image":"","background-repeat":"repeat","background-position":"center center","background-size":"auto","background-attachment":"scroll","background-type":"","background-media":"","overlay-type":"","overlay-color":"","overlay-opacity":"","overlay-gradient":""},"mobile":{"background-color":"","background-image":"","background-repeat":"repeat","background-position":"center center","background-size":"auto","background-attachment":"scroll","background-type":"","background-media":"","overlay-type":"","overlay-color":"","overlay-opacity":"","overlay-gradient":""}},"ast-content-background-meta":{"desktop":{"background-color":"var(--ast-global-color-5)","background-image":"","background-repeat":"repeat","background-position":"center center","background-size":"auto","background-attachment":"scroll","background-type":"","background-media":"","overlay-type":"","overlay-color":"","overlay-opacity":"","overlay-gradient":""},"tablet":{"background-color":"var(--ast-global-color-5)","background-image":"","background-repeat":"repeat","background-position":"center center","background-size":"auto","background-attachment":"scroll","background-type":"","background-media":"","overlay-type":"","overlay-color":"","overlay-opacity":"","overlay-gradient":""},"mobile":{"background-color":"var(--ast-global-color-5)","background-image":"","background-repeat":"repeat","background-position":"center center","background-size":"auto","background-attachment":"scroll","background-type":"","background-media":"","overlay-type":"","overlay-color":"","overlay-opacity":"","overlay-gradient":""}},"footnotes":""},"class_list":["post-6943","page","type-page","status-publish","hentry"],"_links":{"self":[{"href":"https:\/\/www.translationembassy.com\/de\/wp-json\/wp\/v2\/pages\/6943","targetHints":{"allow":["GET"]}}],"collection":[{"href":"https:\/\/www.translationembassy.com\/de\/wp-json\/wp\/v2\/pages"}],"about":[{"href":"https:\/\/www.translationembassy.com\/de\/wp-json\/wp\/v2\/types\/page"}],"author":[{"embeddable":true,"href":"https:\/\/www.translationembassy.com\/de\/wp-json\/wp\/v2\/users\/2"}],"replies":[{"embeddable":true,"href":"https:\/\/www.translationembassy.com\/de\/wp-json\/wp\/v2\/comments?post=6943"}],"version-history":[{"count":8,"href":"https:\/\/www.translationembassy.com\/de\/wp-json\/wp\/v2\/pages\/6943\/revisions"}],"predecessor-version":[{"id":7038,"href":"https:\/\/www.translationembassy.com\/de\/wp-json\/wp\/v2\/pages\/6943\/revisions\/7038"}],"wp:attachment":[{"href":"https:\/\/www.translationembassy.com\/de\/wp-json\/wp\/v2\/media?parent=6943"}],"curies":[{"name":"wp","href":"https:\/\/api.w.org\/{rel}","templated":true}]}}